{"id":3946,"date":"2022-07-20T12:29:14","date_gmt":"2022-07-20T10:29:14","guid":{"rendered":"https:\/\/ethik-der-textkulturen.de\/etk\/?page_id=3946"},"modified":"2022-07-20T12:31:22","modified_gmt":"2022-07-20T10:31:22","slug":"prof-dr-ursula-roth","status":"publish","type":"page","link":"https:\/\/ethik-der-textkulturen.de\/etk\/ueber-uns\/mitarbeiterinnen\/prof-dr-ursula-roth\/","title":{"rendered":"Prof. Dr. Ursula Roth"},"content":{"rendered":"\n<div class=\"wp-block-image\"><figure class=\"alignright size-full\"><img loading=\"lazy\" decoding=\"async\" width=\"214\" height=\"320\" src=\"https:\/\/ethik-der-textkulturen.de\/etk\/wp-content\/uploads\/2022\/07\/rothhoch.jpg\" alt=\"\" class=\"wp-image-3947\" srcset=\"https:\/\/ethik-der-textkulturen.de\/etk\/wp-content\/uploads\/2022\/07\/rothhoch.jpg 214w, https:\/\/ethik-der-textkulturen.de\/etk\/wp-content\/uploads\/2022\/07\/rothhoch-117x175.jpg 117w\" sizes=\"(max-width: 214px) 100vw, 214px\" \/><\/figure><\/div>\n\n\n\n<p><strong>Lehrstuhl f\u00fcr Praktische Theologie<br>Friedrich-Alexander-Universit\u00e4t Erlangen-N\u00fcrnberg<\/strong><\/p>\n\n\n\n<p>Kochstr. 6<br>91054 Erlangen<br>Zi. 1.012<\/p>\n\n\n\n<p>Tel. 09131\/85-22221<br>E-Mail: ursula.roth@fau.de<br><strong><a href=\"https:\/\/www.theologie.fau.de\/institut-pt-landing\/lehrstuhl-fuer-praktische-theologie\/team\/prof-dr-ursula-roth\/\" data-type=\"URL\" data-id=\"https:\/\/www.theologie.fau.de\/institut-pt-landing\/lehrstuhl-fuer-praktische-theologie\/team\/prof-dr-ursula-roth\/\">Website<\/a><\/strong><\/p>\n\n\n\n<p><strong>Sprechstunde:<\/strong><br>w\u00e4hrend des Semesters mittwochs 10\u201311 Uhr<br>nach Anmeldung unter ursula.roth@fau.de<\/p>\n","protected":false},"excerpt":{"rendered":"<div class=\"mh-excerpt\"><p>Lehrstuhl f\u00fcr Praktische TheologieFriedrich-Alexander-Universit\u00e4t Erlangen-N\u00fcrnberg Kochstr. 691054 ErlangenZi. 1.012 Tel. 09131\/85-22221E-Mail: ursula.roth@fau.deWebsite Sprechstunde:w\u00e4hrend des Semesters mittwochs 10\u201311 Uhrnach Anmeldung unter ursula.roth@fau.de<\/p>\n<\/div>","protected":false},"author":20,"featured_media":0,"parent":2619,"menu_order":0,"comment_status":"closed","ping_status":"closed","template":"","meta":{"footnotes":""},"_links":{"self":[{"href":"https:\/\/ethik-der-textkulturen.de\/etk\/wp-json\/wp\/v2\/pages\/3946"}],"collection":[{"href":"https:\/\/ethik-der-textkulturen.de\/etk\/wp-json\/wp\/v2\/pages"}],"about":[{"href":"https:\/\/ethik-der-textkulturen.de\/etk\/wp-json\/wp\/v2\/types\/page"}],"author":[{"embeddable":true,"href":"https:\/\/ethik-der-textkulturen.de\/etk\/wp-json\/wp\/v2\/users\/20"}],"replies":[{"embeddable":true,"href":"https:\/\/ethik-der-textkulturen.de\/etk\/wp-json\/wp\/v2\/comments?post=3946"}],"version-history":[{"count":3,"href":"https:\/\/ethik-der-textkulturen.de\/etk\/wp-json\/wp\/v2\/pages\/3946\/revisions"}],"predecessor-version":[{"id":3951,"href":"https:\/\/ethik-der-textkulturen.de\/etk\/wp-json\/wp\/v2\/pages\/3946\/revisions\/3951"}],"up":[{"embeddable":true,"href":"https:\/\/ethik-der-textkulturen.de\/etk\/wp-json\/wp\/v2\/pages\/2619"}],"wp:attachment":[{"href":"https:\/\/ethik-der-textkulturen.de\/etk\/wp-json\/wp\/v2\/media?parent=3946"}],"curies":[{"name":"wp","href":"https:\/\/api.w.org\/{rel}","templated":true}]}}