{"id":3573,"date":"2021-10-04T13:36:04","date_gmt":"2021-10-04T11:36:04","guid":{"rendered":"https:\/\/ethik-der-textkulturen.de\/etk\/?page_id=3573"},"modified":"2025-09-10T16:22:17","modified_gmt":"2025-09-10T14:22:17","slug":"podcast-fuenf-vor-zwoelf","status":"publish","type":"page","link":"https:\/\/ethik-der-textkulturen.de\/etk\/medien\/podcast-fuenf-vor-zwoelf\/","title":{"rendered":"Podcast &#8222;F\u00fcnf vor zw\u00f6lf&#8220;"},"content":{"rendered":"\n<p><\/p>\n\n\n<div class=\"wp-block-image\">\n<figure class=\"alignleft size-large is-resized\"><img loading=\"lazy\" decoding=\"async\" width=\"750\" height=\"750\" src=\"https:\/\/ethik-der-textkulturen.de\/etk\/wp-content\/uploads\/2021\/06\/5vor12_Logo1-750x750.png\" alt=\"\" class=\"wp-image-3480\" style=\"width:101px;height:101px\" srcset=\"https:\/\/ethik-der-textkulturen.de\/etk\/wp-content\/uploads\/2021\/06\/5vor12_Logo1-750x750.png 750w, https:\/\/ethik-der-textkulturen.de\/etk\/wp-content\/uploads\/2021\/06\/5vor12_Logo1-370x370.png 370w, https:\/\/ethik-der-textkulturen.de\/etk\/wp-content\/uploads\/2021\/06\/5vor12_Logo1-175x175.png 175w, https:\/\/ethik-der-textkulturen.de\/etk\/wp-content\/uploads\/2021\/06\/5vor12_Logo1-768x768.png 768w, https:\/\/ethik-der-textkulturen.de\/etk\/wp-content\/uploads\/2021\/06\/5vor12_Logo1-1536x1536.png 1536w, https:\/\/ethik-der-textkulturen.de\/etk\/wp-content\/uploads\/2021\/06\/5vor12_Logo1.png 2000w\" sizes=\"(max-width: 750px) 100vw, 750px\" \/><\/figure><\/div>\n\n\n<p>Der Zeitpunkt \u201ef\u00fcnf vor zw\u00f6lf\u201c spricht f\u00fcr sich: Wir wollen kritische und nachhaltige Diskussionen zu aktuellen Problemlagen f\u00fchren. Wichtige Zeugen unserer Zeit werden eingeladen, Stellung zu beziehen, aufzur\u00fctteln, aber auch Hintergr\u00fcnde zu beleuchten, Zusammenh\u00e4nge zu reflektieren und vielleicht auch Visionen zu formulieren.<\/p>\n\n\n\n<p>Uns interessieren Perspektiven einer anderen \u00d6konomie, einer neuen Wohn- oder auch Esskultur, Umdenken im Bereich der Institutionen, aber auch f\u00fcr selbstverst\u00e4ndlich gehaltene Wertma\u00dfst\u00e4be und Traditionen westlichen Denkens, die auf den Pr\u00fcfstand geh\u00f6ren.<\/p>\n\n\n\n<div class=\"wp-block-media-text is-stacked-on-mobile\" style=\"grid-template-columns:30% auto\"><figure class=\"wp-block-media-text__media\"><img loading=\"lazy\" decoding=\"async\" width=\"750\" height=\"750\" src=\"https:\/\/ethik-der-textkulturen.de\/etk\/wp-content\/uploads\/2025\/09\/hamm_kachel.png\" alt=\"\" class=\"wp-image-4977 size-full\" srcset=\"https:\/\/ethik-der-textkulturen.de\/etk\/wp-content\/uploads\/2025\/09\/hamm_kachel.png 750w, https:\/\/ethik-der-textkulturen.de\/etk\/wp-content\/uploads\/2025\/09\/hamm_kachel-370x370.png 370w, https:\/\/ethik-der-textkulturen.de\/etk\/wp-content\/uploads\/2025\/09\/hamm_kachel-175x175.png 175w\" sizes=\"(max-width: 750px) 100vw, 750px\" \/><\/figure><div class=\"wp-block-media-text__content\">\n<p class=\"has-medium-font-size\"><a href=\"https:\/\/ethik-der-textkulturen.de\/etk\/wp-content\/uploads\/2025\/09\/Hamm-5v12.mp3\">Episode 12: Mit Claudia Hamm \u00fcber &#8222;Automatensprache&#8220;<\/a><\/p>\n<\/div><\/div>\n\n\n\n<div class=\"wp-block-media-text is-stacked-on-mobile\" style=\"grid-template-columns:30% auto\"><figure class=\"wp-block-media-text__media\"><img loading=\"lazy\" decoding=\"async\" width=\"750\" height=\"750\" src=\"https:\/\/ethik-der-textkulturen.de\/etk\/wp-content\/uploads\/2024\/12\/Kopie-von-Ethik-der-Textkulturen11-750x750.png\" alt=\"\" class=\"wp-image-4808 size-full\" srcset=\"https:\/\/ethik-der-textkulturen.de\/etk\/wp-content\/uploads\/2024\/12\/Kopie-von-Ethik-der-Textkulturen11-750x750.png 750w, https:\/\/ethik-der-textkulturen.de\/etk\/wp-content\/uploads\/2024\/12\/Kopie-von-Ethik-der-Textkulturen11-370x370.png 370w, https:\/\/ethik-der-textkulturen.de\/etk\/wp-content\/uploads\/2024\/12\/Kopie-von-Ethik-der-Textkulturen11-175x175.png 175w, https:\/\/ethik-der-textkulturen.de\/etk\/wp-content\/uploads\/2024\/12\/Kopie-von-Ethik-der-Textkulturen11-768x768.png 768w, https:\/\/ethik-der-textkulturen.de\/etk\/wp-content\/uploads\/2024\/12\/Kopie-von-Ethik-der-Textkulturen11.png 1080w\" sizes=\"(max-width: 750px) 100vw, 750px\" \/><\/figure><div class=\"wp-block-media-text__content\">\n<p class=\"has-medium-font-size\"><a href=\"https:\/\/ethik-der-textkulturen.de\/etk\/wp-content\/uploads\/2025\/05\/Sahner_Datei_Final.mp3\">Episode 11: Mit Simon Sahner \u00fcber &#8222;Die Sprache des Kapitalismus&#8220;<\/a><\/p>\n<\/div><\/div>\n\n\n\n<div class=\"wp-block-media-text alignwide is-stacked-on-mobile\" style=\"grid-template-columns:30% auto\"><figure class=\"wp-block-media-text__media\"><img loading=\"lazy\" decoding=\"async\" width=\"750\" height=\"736\" src=\"https:\/\/ethik-der-textkulturen.de\/etk\/wp-content\/uploads\/2024\/07\/Laschyk_vor-750x736.png\" alt=\"\" class=\"wp-image-4747 size-full\" srcset=\"https:\/\/ethik-der-textkulturen.de\/etk\/wp-content\/uploads\/2024\/07\/Laschyk_vor-750x736.png 750w, https:\/\/ethik-der-textkulturen.de\/etk\/wp-content\/uploads\/2024\/07\/Laschyk_vor-370x363.png 370w, https:\/\/ethik-der-textkulturen.de\/etk\/wp-content\/uploads\/2024\/07\/Laschyk_vor-175x172.png 175w, https:\/\/ethik-der-textkulturen.de\/etk\/wp-content\/uploads\/2024\/07\/Laschyk_vor-768x754.png 768w, https:\/\/ethik-der-textkulturen.de\/etk\/wp-content\/uploads\/2024\/07\/Laschyk_vor-1536x1507.png 1536w, https:\/\/ethik-der-textkulturen.de\/etk\/wp-content\/uploads\/2024\/07\/Laschyk_vor.png 1933w\" sizes=\"(max-width: 750px) 100vw, 750px\" \/><\/figure><div class=\"wp-block-media-text__content\">\n<p class=\"has-medium-font-size\"><a href=\"https:\/\/ethik-der-textkulturen.de\/etk\/wp-content\/uploads\/2024\/07\/5v12_Laschyk.mp3\">Episode 10: Mit Thomas Laschyk \u00fcber Fake News und die Arbeit des &#8222;Volksverpetzer&#8220;<\/a><\/p>\n<\/div><\/div>\n\n\n\n<div class=\"wp-block-media-text alignwide is-stacked-on-mobile\" style=\"grid-template-columns:30% auto\"><figure class=\"wp-block-media-text__media\"><img loading=\"lazy\" decoding=\"async\" width=\"750\" height=\"750\" src=\"https:\/\/ethik-der-textkulturen.de\/etk\/wp-content\/uploads\/2023\/12\/19-750x750.jpg\" alt=\"\" class=\"wp-image-4551 size-full\" srcset=\"https:\/\/ethik-der-textkulturen.de\/etk\/wp-content\/uploads\/2023\/12\/19-750x750.jpg 750w, https:\/\/ethik-der-textkulturen.de\/etk\/wp-content\/uploads\/2023\/12\/19-370x370.jpg 370w, https:\/\/ethik-der-textkulturen.de\/etk\/wp-content\/uploads\/2023\/12\/19-175x175.jpg 175w, https:\/\/ethik-der-textkulturen.de\/etk\/wp-content\/uploads\/2023\/12\/19-768x768.jpg 768w, https:\/\/ethik-der-textkulturen.de\/etk\/wp-content\/uploads\/2023\/12\/19.jpg 1080w\" sizes=\"(max-width: 750px) 100vw, 750px\" \/><\/figure><div class=\"wp-block-media-text__content\">\n<p class=\"has-medium-font-size\"><a href=\"https:\/\/ethik-der-textkulturen.de\/etk\/wp-content\/uploads\/2023\/12\/5v12_Dr_Sebastian_Kubon.mp3\">Episode 9: Mit Dr. Sebastian Kubon \u00fcber &#8222;#IchBinHanna. Prek\u00e4re Arbeit in der Wissenschaft&#8220;<\/a><\/p>\n<\/div><\/div>\n\n\n\n<div class=\"wp-block-media-text alignwide is-stacked-on-mobile\" style=\"grid-template-columns:30% auto\"><figure class=\"wp-block-media-text__media\"><img loading=\"lazy\" decoding=\"async\" width=\"750\" height=\"681\" src=\"https:\/\/ethik-der-textkulturen.de\/etk\/wp-content\/uploads\/2023\/06\/huber-750x681.png\" alt=\"\" class=\"wp-image-4327 size-full\" srcset=\"https:\/\/ethik-der-textkulturen.de\/etk\/wp-content\/uploads\/2023\/06\/huber-750x681.png 750w, https:\/\/ethik-der-textkulturen.de\/etk\/wp-content\/uploads\/2023\/06\/huber-370x336.png 370w, https:\/\/ethik-der-textkulturen.de\/etk\/wp-content\/uploads\/2023\/06\/huber-175x159.png 175w, https:\/\/ethik-der-textkulturen.de\/etk\/wp-content\/uploads\/2023\/06\/huber-768x698.png 768w, https:\/\/ethik-der-textkulturen.de\/etk\/wp-content\/uploads\/2023\/06\/huber-1536x1395.png 1536w, https:\/\/ethik-der-textkulturen.de\/etk\/wp-content\/uploads\/2023\/06\/huber-2048x1860.png 2048w\" sizes=\"(max-width: 750px) 100vw, 750px\" \/><\/figure><div class=\"wp-block-media-text__content\">\n<p class=\"has-medium-font-size\"><a href=\"https:\/\/ethik-der-textkulturen.de\/etk\/wp-content\/uploads\/2023\/06\/5v12_Wolfgang-Huber.mp3\">Episode 8: Mit Wolfgang Huber \u00fcber eine Ethik der Digitalisierung<\/a><\/p>\n<\/div><\/div>\n\n\n\n<div class=\"wp-block-media-text alignwide is-stacked-on-mobile\" style=\"grid-template-columns:30% auto\"><figure class=\"wp-block-media-text__media\"><img loading=\"lazy\" decoding=\"async\" width=\"750\" height=\"750\" src=\"https:\/\/ethik-der-textkulturen.de\/etk\/wp-content\/uploads\/2023\/03\/Petra-Bendel-Website-750x750.jpg\" alt=\"\" class=\"wp-image-4267 size-full\" srcset=\"https:\/\/ethik-der-textkulturen.de\/etk\/wp-content\/uploads\/2023\/03\/Petra-Bendel-Website-750x750.jpg 750w, https:\/\/ethik-der-textkulturen.de\/etk\/wp-content\/uploads\/2023\/03\/Petra-Bendel-Website-370x370.jpg 370w, https:\/\/ethik-der-textkulturen.de\/etk\/wp-content\/uploads\/2023\/03\/Petra-Bendel-Website-175x175.jpg 175w, https:\/\/ethik-der-textkulturen.de\/etk\/wp-content\/uploads\/2023\/03\/Petra-Bendel-Website-768x768.jpg 768w, https:\/\/ethik-der-textkulturen.de\/etk\/wp-content\/uploads\/2023\/03\/Petra-Bendel-Website-1536x1536.jpg 1536w, https:\/\/ethik-der-textkulturen.de\/etk\/wp-content\/uploads\/2023\/03\/Petra-Bendel-Website.jpg 1722w\" sizes=\"(max-width: 750px) 100vw, 750px\" \/><\/figure><div class=\"wp-block-media-text__content\">\n<p class=\"has-medium-font-size\"><a href=\"https:\/\/ethik-der-textkulturen.de\/etk\/wp-content\/uploads\/2023\/03\/5v12-Bendel_fertig.mp3\">Episode 7: Mit der Politikwissenschaftlerin Petra Bendel \u00fcber &#8222;Kein Silberstreif am Horizont: Europas Fl\u00fcchtlingspolitik&#8220;<\/a><\/p>\n<\/div><\/div>\n\n\n\n<div class=\"wp-block-media-text alignwide is-stacked-on-mobile\" style=\"grid-template-columns:30% auto\"><figure class=\"wp-block-media-text__media\"><img loading=\"lazy\" decoding=\"async\" width=\"750\" height=\"737\" src=\"https:\/\/ethik-der-textkulturen.de\/etk\/wp-content\/uploads\/2022\/09\/gysi_episode-750x737.jpg\" alt=\"\" class=\"wp-image-3979 size-full\" srcset=\"https:\/\/ethik-der-textkulturen.de\/etk\/wp-content\/uploads\/2022\/09\/gysi_episode-750x737.jpg 750w, https:\/\/ethik-der-textkulturen.de\/etk\/wp-content\/uploads\/2022\/09\/gysi_episode-370x363.jpg 370w, https:\/\/ethik-der-textkulturen.de\/etk\/wp-content\/uploads\/2022\/09\/gysi_episode-175x172.jpg 175w, https:\/\/ethik-der-textkulturen.de\/etk\/wp-content\/uploads\/2022\/09\/gysi_episode-768x754.jpg 768w, https:\/\/ethik-der-textkulturen.de\/etk\/wp-content\/uploads\/2022\/09\/gysi_episode-1536x1509.jpg 1536w, https:\/\/ethik-der-textkulturen.de\/etk\/wp-content\/uploads\/2022\/09\/gysi_episode.jpg 2016w\" sizes=\"(max-width: 750px) 100vw, 750px\" \/><\/figure><div class=\"wp-block-media-text__content\">\n<p class=\"has-medium-font-size\"><a href=\"https:\/\/ethik-der-textkulturen.de\/etk\/wp-content\/uploads\/2022\/09\/5v12-Gysi_fertig.mp3\">Episode 6: Mit Gregor Gysi \u00fcber den Ukraine-Krieg und die Zukunft der internationalen Beziehungen<\/a><\/p>\n<\/div><\/div>\n\n\n\n<div class=\"wp-block-media-text alignwide is-stacked-on-mobile\" style=\"grid-template-columns:30% auto\"><figure class=\"wp-block-media-text__media\"><img loading=\"lazy\" decoding=\"async\" width=\"225\" height=\"225\" src=\"https:\/\/ethik-der-textkulturen.de\/etk\/wp-content\/uploads\/2022\/07\/download.jpg\" alt=\"\" class=\"wp-image-3958 size-full\" srcset=\"https:\/\/ethik-der-textkulturen.de\/etk\/wp-content\/uploads\/2022\/07\/download.jpg 225w, https:\/\/ethik-der-textkulturen.de\/etk\/wp-content\/uploads\/2022\/07\/download-175x175.jpg 175w\" sizes=\"(max-width: 225px) 100vw, 225px\" \/><\/figure><div class=\"wp-block-media-text__content\">\n<p class=\"has-medium-font-size\"><a href=\"https:\/\/ethik-der-textkulturen.de\/etk\/wp-content\/uploads\/2022\/07\/DRAESNER-finished.mp3\">Episode 5: Mit der Dichterin Ulrike Draesner \u00fcber &#8222;Feine Sprache. Wider den Rassismus im deutschen Alltag&#8220;<\/a><\/p>\n<\/div><\/div>\n\n\n\n<div class=\"wp-block-media-text alignwide is-stacked-on-mobile\" style=\"grid-template-columns:30% auto\"><figure class=\"wp-block-media-text__media\"><img loading=\"lazy\" decoding=\"async\" width=\"662\" height=\"588\" src=\"https:\/\/ethik-der-textkulturen.de\/etk\/wp-content\/uploads\/2022\/01\/anderl3.png\" alt=\"\" class=\"wp-image-3775 size-full\" srcset=\"https:\/\/ethik-der-textkulturen.de\/etk\/wp-content\/uploads\/2022\/01\/anderl3.png 662w, https:\/\/ethik-der-textkulturen.de\/etk\/wp-content\/uploads\/2022\/01\/anderl3-370x329.png 370w, https:\/\/ethik-der-textkulturen.de\/etk\/wp-content\/uploads\/2022\/01\/anderl3-175x155.png 175w\" sizes=\"(max-width: 662px) 100vw, 662px\" \/><\/figure><div class=\"wp-block-media-text__content\">\n<p class=\"has-medium-font-size\"><a href=\"https:\/\/ethik-der-textkulturen.de\/etk\/wp-content\/uploads\/2022\/01\/fuenf-vor-zwoelf-4_Sibylle-Anderl.mp3\">Episode 4: Mit der Philosophin und Astrophysikerin Sibylle Anderl \u00fcber &#8222;Vermittlung von Krisenwissen&#8220;<\/a><\/p>\n<\/div><\/div>\n\n\n\n<div class=\"wp-block-media-text alignwide is-stacked-on-mobile\" style=\"grid-template-columns:30% auto\"><figure class=\"wp-block-media-text__media\"><img loading=\"lazy\" decoding=\"async\" width=\"555\" height=\"556\" src=\"https:\/\/ethik-der-textkulturen.de\/etk\/wp-content\/uploads\/2022\/09\/ekardt_lec-750x572-1.jpg\" alt=\"\" class=\"wp-image-3982 size-full\" srcset=\"https:\/\/ethik-der-textkulturen.de\/etk\/wp-content\/uploads\/2022\/09\/ekardt_lec-750x572-1.jpg 555w, https:\/\/ethik-der-textkulturen.de\/etk\/wp-content\/uploads\/2022\/09\/ekardt_lec-750x572-1-370x370.jpg 370w, https:\/\/ethik-der-textkulturen.de\/etk\/wp-content\/uploads\/2022\/09\/ekardt_lec-750x572-1-175x175.jpg 175w\" sizes=\"(max-width: 555px) 100vw, 555px\" \/><\/figure><div class=\"wp-block-media-text__content\">\n<p class=\"has-medium-font-size\"><a href=\"https:\/\/ethik-der-textkulturen.de\/etk\/wp-content\/uploads\/2022\/01\/Ep.3_Eckardt.mp3\">Episode 3: Mit dem Philosophen und Juristen Felix Ekardt \u00fcber &#8222;Transformation zur Nachhaltigkeit&#8220;<\/a><\/p>\n<\/div><\/div>\n\n\n\n<div class=\"wp-block-media-text alignwide is-stacked-on-mobile\" style=\"grid-template-columns:30% auto\"><figure class=\"wp-block-media-text__media\"><img loading=\"lazy\" decoding=\"async\" width=\"750\" height=\"722\" src=\"https:\/\/ethik-der-textkulturen.de\/etk\/wp-content\/uploads\/2021\/10\/illies-klein-750x722.jpg\" alt=\"\" class=\"wp-image-3584 size-full\" srcset=\"https:\/\/ethik-der-textkulturen.de\/etk\/wp-content\/uploads\/2021\/10\/illies-klein-750x722.jpg 750w, https:\/\/ethik-der-textkulturen.de\/etk\/wp-content\/uploads\/2021\/10\/illies-klein-370x356.jpg 370w, https:\/\/ethik-der-textkulturen.de\/etk\/wp-content\/uploads\/2021\/10\/illies-klein-175x168.jpg 175w, https:\/\/ethik-der-textkulturen.de\/etk\/wp-content\/uploads\/2021\/10\/illies-klein-768x739.jpg 768w, https:\/\/ethik-der-textkulturen.de\/etk\/wp-content\/uploads\/2021\/10\/illies-klein-1536x1478.jpg 1536w, https:\/\/ethik-der-textkulturen.de\/etk\/wp-content\/uploads\/2021\/10\/illies-klein-2048x1970.jpg 2048w\" sizes=\"(max-width: 750px) 100vw, 750px\" \/><\/figure><div class=\"wp-block-media-text__content\">\n<p class=\"has-medium-font-size\"><a href=\"https:\/\/ethik-der-textkulturen.de\/etk\/wp-content\/uploads\/2021\/10\/fuenf-vor-zwoelf-2_Christian-Illies.mp3\">Episode 2: Mit dem Philosophen Christian Illies \u00fcber die dunklen Seiten der modernen Architektur<\/a><\/p>\n<\/div><\/div>\n\n\n\n<div class=\"wp-block-media-text alignwide is-stacked-on-mobile\" style=\"grid-template-columns:30% auto\"><figure class=\"wp-block-media-text__media\"><img loading=\"lazy\" decoding=\"async\" width=\"750\" height=\"706\" src=\"https:\/\/ethik-der-textkulturen.de\/etk\/wp-content\/uploads\/2021\/10\/roig-klein-750x706.jpg\" alt=\"\" class=\"wp-image-3587 size-full\" srcset=\"https:\/\/ethik-der-textkulturen.de\/etk\/wp-content\/uploads\/2021\/10\/roig-klein-750x706.jpg 750w, https:\/\/ethik-der-textkulturen.de\/etk\/wp-content\/uploads\/2021\/10\/roig-klein-370x348.jpg 370w, https:\/\/ethik-der-textkulturen.de\/etk\/wp-content\/uploads\/2021\/10\/roig-klein-175x165.jpg 175w, https:\/\/ethik-der-textkulturen.de\/etk\/wp-content\/uploads\/2021\/10\/roig-klein-768x722.jpg 768w, https:\/\/ethik-der-textkulturen.de\/etk\/wp-content\/uploads\/2021\/10\/roig-klein-1536x1445.jpg 1536w, https:\/\/ethik-der-textkulturen.de\/etk\/wp-content\/uploads\/2021\/10\/roig-klein-2048x1927.jpg 2048w\" sizes=\"(max-width: 750px) 100vw, 750px\" \/><\/figure><div class=\"wp-block-media-text__content\">\n<p class=\"has-medium-font-size\"><a href=\"https:\/\/ethik-der-textkulturen.de\/etk\/wp-content\/uploads\/2021\/10\/512-Podcast_Ep.1_Finished.mp3\">Episode 1: Mit der Politologin Emilia Roig \u00fcber Systemic Oppression<\/a><\/p>\n<\/div><\/div>\n\n\n\n<p><\/p>\n","protected":false},"excerpt":{"rendered":"<div class=\"mh-excerpt\"><p>Der Zeitpunkt \u201ef\u00fcnf vor zw\u00f6lf\u201c spricht f\u00fcr sich: Wir wollen kritische und nachhaltige Diskussionen zu aktuellen Problemlagen f\u00fchren. Wichtige Zeugen unserer Zeit werden eingeladen, Stellung <a class=\"mh-excerpt-more\" href=\"https:\/\/ethik-der-textkulturen.de\/etk\/medien\/podcast-fuenf-vor-zwoelf\/\" title=\"Podcast &#8222;F\u00fcnf vor zw\u00f6lf&#8220;\">[&#8230;]<\/a><\/p>\n<\/div>","protected":false},"author":10,"featured_media":3480,"parent":3570,"menu_order":0,"comment_status":"closed","ping_status":"closed","template":"","meta":{"footnotes":""},"_links":{"self":[{"href":"https:\/\/ethik-der-textkulturen.de\/etk\/wp-json\/wp\/v2\/pages\/3573"}],"collection":[{"href":"https:\/\/ethik-der-textkulturen.de\/etk\/wp-json\/wp\/v2\/pages"}],"about":[{"href":"https:\/\/ethik-der-textkulturen.de\/etk\/wp-json\/wp\/v2\/types\/page"}],"author":[{"embeddable":true,"href":"https:\/\/ethik-der-textkulturen.de\/etk\/wp-json\/wp\/v2\/users\/10"}],"replies":[{"embeddable":true,"href":"https:\/\/ethik-der-textkulturen.de\/etk\/wp-json\/wp\/v2\/comments?post=3573"}],"version-history":[{"count":27,"href":"https:\/\/ethik-der-textkulturen.de\/etk\/wp-json\/wp\/v2\/pages\/3573\/revisions"}],"predecessor-version":[{"id":4979,"href":"https:\/\/ethik-der-textkulturen.de\/etk\/wp-json\/wp\/v2\/pages\/3573\/revisions\/4979"}],"up":[{"embeddable":true,"href":"https:\/\/ethik-der-textkulturen.de\/etk\/wp-json\/wp\/v2\/pages\/3570"}],"wp:featuredmedia":[{"embeddable":true,"href":"https:\/\/ethik-der-textkulturen.de\/etk\/wp-json\/wp\/v2\/media\/3480"}],"wp:attachment":[{"href":"https:\/\/ethik-der-textkulturen.de\/etk\/wp-json\/wp\/v2\/media?parent=3573"}],"curies":[{"name":"wp","href":"https:\/\/api.w.org\/{rel}","templated":true}]}}