{"id":3570,"date":"2021-10-04T13:33:14","date_gmt":"2021-10-04T11:33:14","guid":{"rendered":"https:\/\/ethik-der-textkulturen.de\/etk\/?page_id=3570"},"modified":"2022-10-05T15:45:42","modified_gmt":"2022-10-05T13:45:42","slug":"medien","status":"publish","type":"page","link":"https:\/\/ethik-der-textkulturen.de\/etk\/medien\/","title":{"rendered":"Medien"},"content":{"rendered":"\n<ul><li><a href=\"https:\/\/ethik-der-textkulturen.de\/etk\/medien\/imagefilme\/\">Imagefilme<\/a><\/li><li><a href=\"https:\/\/ethik-der-textkulturen.de\/etk\/medien\/videos\/\">Videos<\/a><\/li><li><a href=\"https:\/\/ethik-der-textkulturen.de\/etk\/medien\/podcast-fuenf-vor-zwoelf\/\">Podcast &#8222;F\u00fcnf vor zw\u00f6lf&#8220;<\/a><\/li><li><a href=\"https:\/\/ethik-der-textkulturen.de\/etk\/podcasts-aus-dem-seminar-luegende-dichter-fakes-und-faelschungen-in-der-literatur\/\" data-type=\"URL\" data-id=\"https:\/\/ethik-der-textkulturen.de\/etk\/podcasts-aus-dem-seminar-luegende-dichter-fakes-und-faelschungen-in-der-literatur\/\">Podcasts aus der \u00dcbung &#8222;L\u00fcgende Dichter? Fakes und F\u00e4lschungen in der Literatur&#8220;<\/a><\/li><\/ul>\n\n\n\n<p><\/p>\n","protected":false},"excerpt":{"rendered":"<div class=\"mh-excerpt\"><p>Imagefilme Videos Podcast &#8222;F\u00fcnf vor zw\u00f6lf&#8220; Podcasts aus der \u00dcbung &#8222;L\u00fcgende Dichter? Fakes und F\u00e4lschungen in der Literatur&#8220;<\/p>\n<\/div>","protected":false},"author":10,"featured_media":0,"parent":0,"menu_order":0,"comment_status":"closed","ping_status":"closed","template":"","meta":{"footnotes":""},"_links":{"self":[{"href":"https:\/\/ethik-der-textkulturen.de\/etk\/wp-json\/wp\/v2\/pages\/3570"}],"collection":[{"href":"https:\/\/ethik-der-textkulturen.de\/etk\/wp-json\/wp\/v2\/pages"}],"about":[{"href":"https:\/\/ethik-der-textkulturen.de\/etk\/wp-json\/wp\/v2\/types\/page"}],"author":[{"embeddable":true,"href":"https:\/\/ethik-der-textkulturen.de\/etk\/wp-json\/wp\/v2\/users\/10"}],"replies":[{"embeddable":true,"href":"https:\/\/ethik-der-textkulturen.de\/etk\/wp-json\/wp\/v2\/comments?post=3570"}],"version-history":[{"count":7,"href":"https:\/\/ethik-der-textkulturen.de\/etk\/wp-json\/wp\/v2\/pages\/3570\/revisions"}],"predecessor-version":[{"id":4071,"href":"https:\/\/ethik-der-textkulturen.de\/etk\/wp-json\/wp\/v2\/pages\/3570\/revisions\/4071"}],"wp:attachment":[{"href":"https:\/\/ethik-der-textkulturen.de\/etk\/wp-json\/wp\/v2\/media?parent=3570"}],"curies":[{"name":"wp","href":"https:\/\/api.w.org\/{rel}","templated":true}]}}