{"id":3404,"date":"2021-01-12T14:14:10","date_gmt":"2021-01-12T12:14:10","guid":{"rendered":"https:\/\/ethik-der-textkulturen.de\/etk\/?page_id=3404"},"modified":"2022-12-07T12:28:22","modified_gmt":"2022-12-07T10:28:22","slug":"erstsemester","status":"publish","type":"page","link":"https:\/\/ethik-der-textkulturen.de\/etk\/studium\/erstsemester\/","title":{"rendered":"Erstsemester"},"content":{"rendered":"\n<h3 class=\"has-vivid-cyan-blue-color has-text-color wp-block-heading\"><strong>Informationen f\u00fcr Erstsemester am Studienort Erlangen<\/strong><\/h3>\n\n\n\n<p><strong>Plattformen der FAU<\/strong><\/p>\n\n\n\n<ul><li><a href=\"http:\/\/campo.fau.de\" target=\"_blank\" rel=\"noreferrer noopener\">Campo<\/a>: Vorlesungsverzeichnis, Stundenplanerstellung, Anmeldung zu Veranstaltungen und Pr\u00fcfungen, Einsicht in Bescheinigungen und Dokumente<\/li><li><a rel=\"noreferrer noopener\" href=\"https:\/\/www.studon.fau.de\/\" target=\"_blank\">StudOn<\/a>: Plattformen der einzelnen Kurse, Zugriff auf Materialien<\/li><li><a rel=\"noreferrer noopener\" href=\"https:\/\/faubox.rrze.uni-erlangen.de\/login\" target=\"_blank\">FAUbox<\/a>: 50 GB kostenloser Speicher auf den Servern des Rechenzentrums, Synchronisation der Dateien \u00fcber App, Webclient oder Desktopclient, vergleichbar mit Dropbox<\/li><li><a rel=\"noreferrer noopener\" href=\"https:\/\/faumail.fau.de\/\" target=\"_blank\">FAUmail<\/a>: Mail-Programm der FAU, jede\/r Studierende an der FAU bekommt eine pers\u00f6nliche Mail-Adresse, Umleitung der Mails auf eine private Mailadresse m\u00f6glich<\/li><li><a rel=\"noreferrer noopener\" href=\"https:\/\/www.sso.uni-erlangen.de\/cas\/\" target=\"_blank\">IdM<\/a>: \u201eidentity management\u201c: hier lassen sich die pers\u00f6nliche Benutzerkennung verwalten<\/li><li><a rel=\"noreferrer noopener\" href=\"https:\/\/ub.fau.de\/recherchieren\/kataloge\/katalog\/\" target=\"_blank\">OPACplus<\/a>: Zugang zum Bibliothekskatalog der FAU, gesamter Medienbestand der Universit\u00e4tsbibliothek und der angeschlossenen Zweig- und Teilbibliotheken l\u00e4sst sich durchsuchen<\/li><li><a rel=\"noreferrer noopener\" href=\"http:\/\/www.fau.tv\/\" target=\"_blank\">Videoportal\/Online-Vorlesung<\/a>: hier sind Aufzeichnungen von Vorlesungen oder \u00dcbungen zu finden<\/li><\/ul>\n\n\n\n<p><strong>Infos aus zentralen Einrichtungen<\/strong><\/p>\n\n\n\n<ul><li><a href=\"https:\/\/www.rrze.fau.de\/hard-software\/software\/private-nutzung\/produkte\/\">Rechenzentrum<\/a> der FAU: hier k\u00f6nnen diverse Software-Angebote f\u00fcr die private Nutzung kostenlos heruntergeladen werden, beispielsweise Citavi oder Microsoft Office<\/li><li><a href=\"https:\/\/www.werkswelt.de\/\">Studentenwerk<\/a>: Beratung der Studierenden in Rechtsfragen, Studierendenwohnheimen, Amt f\u00fcr Ausbildungsf\u00f6rderung, Kulturangebote und Hochschulgastronomie<\/li><li><a href=\"https:\/\/www.fau.de\/education\/studienorganisation\/rueckmeldung\/\">R\u00fcckmeldung<\/a> zum neuen Semester<\/li><li><a href=\"https:\/\/www.fau.de\/education\/beratungs-und-servicestellen\/pruefungsaemter\/pruefungsamt-philosophische-fakultaet-und-fachbereich-theologie\/#collapse_10\">Pr\u00fcfungsamt<\/a>: hier findet man Ansprechpartner*innen bez\u00fcglich Pr\u00fcfungsmodalit\u00e4ten<\/li><li><a href=\"https:\/\/www.fau.de\/education\/beratungs-und-servicestellen\/studienberatung\/\">Allgemeine Studienberatung<\/a> und fachspezifische Studienberatung (<a href=\"mailto:eva.forrester@fau.de\">Frau Dr. Eva Forrester<\/a>)<\/li><li><a href=\"http:\/\/hochschulsport.fau.de\/\">Hochschulsport<\/a><\/li><\/ul>\n\n\n\n<p><strong>Infos aus der Fakult\u00e4t<\/strong><\/p>\n\n\n\n<ul><li><a href=\"https:\/\/www.phil.fau.de\/\">Website der philosophischen Fakult\u00e4t<\/a><\/li><li><a href=\"https:\/\/www.phil.fau.de\/studium\/studienbeginn\/\">Website der philosophischen Fakult\u00e4t zum Studienbeginn<\/a><\/li><\/ul>\n\n\n\n<p><strong>Infos zur Bibliotheksnutzung<\/strong><\/p>\n\n\n\n<ul><li><a href=\"https:\/\/ub.fau.de\/\">Website der UB<\/a><\/li><li>Bei Vormerkungen f\u00fcr B\u00fccher aus den Teilbibliotheken muss der Abholort (die jeweilige Zweigstelle bzw. Teilbibliothek) ausgew\u00e4hlt werden, erst dann ist eine Vormerkung m\u00f6glich<\/li><li><a href=\"https:\/\/ub.fau.de\/lernen\/willkommen-zum-studienanfang-in-der-ub\/\">FAQ der UB zum Studienanfang<\/a><\/li><\/ul>\n\n\n\n<h3 class=\"has-vivid-cyan-blue-color has-text-color wp-block-heading\">Informationen f\u00fcr Erstsemester am Studienort Augsburg<\/h3>\n\n\n\n<p><strong>Plattformen der Uni Augsburg<\/strong><\/p>\n\n\n\n<ul><li><a href=\"https:\/\/digicampus.uni-augsburg.de\/\">Digicampus<\/a>: Interaktives Lehr- und Lernportal zur Organisation des Studiums. Anmeldung f\u00fcr nahezu alle Kurse, Kursinformationen, Diskussionsplattform, Gestaltung des Stundenplans, Zugriff auf Materialien, etc.<\/li><li><a href=\"https:\/\/vibs.uni-augsburg.de\/\">VIBS<\/a>: Studierenden- und Bewerbungsverwaltung: Online-Bewerbung, \u00c4nderung der Kontaktdaten, Immatrikulations-, Studienverlaufs- und Beitragszahlungsbescheinigungen<\/li><li><a href=\"https:\/\/studiswebstud.zv.uni-augsburg.de\/\">STUDIS<\/a>: Online-Pr\u00fcfungsamt: Pr\u00fcfungsan- und -abmeldung, Pr\u00fcfungsergebnisse<\/li><li><a href=\"https:\/\/webmail.uni-augsburg.de\/\">Uni Augsburg Webmail<\/a>: Mail-Dienst der Uni Augsburg: jede\/r Studierende an der Uni Augsburg bekommt eine pers\u00f6nliche Mail-Adresse, Umleitung der Mails auf eine private Mailadresse m\u00f6glich<\/li><li><a href=\"https:\/\/opac.bibliothek.uni-augsburg.de\/\">OPAC<\/a>: Zugang zum Bibliothekskatalog der Uni Augsburg<\/li><\/ul>\n\n\n\n<p><strong>Infos aus zentralen Einrichtungen<\/strong><\/p>\n\n\n\n<ul><li><a href=\"https:\/\/www.uni-augsburg.de\/de\/organisation\/einrichtungen\/rz\/it-services\/uaux\/\">Rechenzentrum<\/a>: verschiedene IT-Services f\u00fcr Studierende, z.B. kostenloser Software-Download, Unterst\u00fctzung am Computer, im Internet oder mit Hard- und Software (Kontakt: <a href=\"https:\/\/www.uni-augsburg.de\/de\/organisation\/einrichtungen\/rz\/kontakt\/zebra\/\">Zebra<\/a>)<\/li><li><a href=\"https:\/\/studentenwerk-augsburg.de\/\">Studentenwerk<\/a>: Informationen und Hilfe rund um Studium und Leben in Augsburg: Studienfinanzierung, Hochschulgastronomie, Wohnen, Kultur, Beratungs- und Unterst\u00fctzungsangebote, etc.<\/li><li><a href=\"https:\/\/www.uni-augsburg.de\/de\/studium\/organisation-beratung\/organisation-und-formales\/rueckmeldung\/\">R\u00fcckmeldung <\/a>zum neuen Semester<\/li><li><a href=\"https:\/\/www.uni-augsburg.de\/de\/organisation\/einrichtungen\/sib\/\">Studierendeninformationsb\u00fcro<\/a>: Erstausk\u00fcnfte und ggf. Weitervermittlung bei Fragen an Studentenkanzlei oder Pr\u00fcfungsamt<\/li><li><a href=\"https:\/\/www.uni-augsburg.de\/de\/studium\/organisation-beratung\/pruefungen\/service\/ansprechpartnerinnen\/\">Pr\u00fcfungsamt<\/a>: Ansprechpartner*innen bei pr\u00fcfungsbezogenen Fragen<\/li><li><a href=\"https:\/\/www.uni-augsburg.de\/de\/organisation\/einrichtungen\/studienberatung\/\">Allgemeine Studienberatung<\/a> und fachspezifische Studienberatung (E-Mail an <a href=\"mailto:julian.werlitz@phil.uni-augsburg.de\">Julian Werlitz<\/a>)<\/li><li><a href=\"https:\/\/hsa.sport.uni-augsburg.de\/index.php\/de\/\">Hochschulsport<\/a><\/li><\/ul>\n\n\n\n<p><strong>Infos aus der Fakult\u00e4t<\/strong><\/p>\n\n\n\n<ul><li><a href=\"https:\/\/www.uni-augsburg.de\/de\/fakultaet\/philhist\/\">Website der philologisch-historischen Fakult\u00e4t<\/a><\/li><\/ul>\n\n\n\n<p><strong>Infos zur Bibliotheksnutzung<\/strong><\/p>\n\n\n\n<ul><li><a href=\"https:\/\/www.uni-augsburg.de\/de\/organisation\/bibliothek\/\">Website der Universit\u00e4tsbibliothek<\/a><\/li><\/ul>\n\n\n\n<p><\/p>\n","protected":false},"excerpt":{"rendered":"<div class=\"mh-excerpt\"><p>Informationen f\u00fcr Erstsemester am Studienort Erlangen Plattformen der FAU Campo: Vorlesungsverzeichnis, Stundenplanerstellung, Anmeldung zu Veranstaltungen und Pr\u00fcfungen, Einsicht in Bescheinigungen und Dokumente StudOn: Plattformen der <a class=\"mh-excerpt-more\" href=\"https:\/\/ethik-der-textkulturen.de\/etk\/studium\/erstsemester\/\" title=\"Erstsemester\">[&#8230;]<\/a><\/p>\n<\/div>","protected":false},"author":20,"featured_media":0,"parent":2567,"menu_order":0,"comment_status":"closed","ping_status":"closed","template":"","meta":{"footnotes":""},"_links":{"self":[{"href":"https:\/\/ethik-der-textkulturen.de\/etk\/wp-json\/wp\/v2\/pages\/3404"}],"collection":[{"href":"https:\/\/ethik-der-textkulturen.de\/etk\/wp-json\/wp\/v2\/pages"}],"about":[{"href":"https:\/\/ethik-der-textkulturen.de\/etk\/wp-json\/wp\/v2\/types\/page"}],"author":[{"embeddable":true,"href":"https:\/\/ethik-der-textkulturen.de\/etk\/wp-json\/wp\/v2\/users\/20"}],"replies":[{"embeddable":true,"href":"https:\/\/ethik-der-textkulturen.de\/etk\/wp-json\/wp\/v2\/comments?post=3404"}],"version-history":[{"count":10,"href":"https:\/\/ethik-der-textkulturen.de\/etk\/wp-json\/wp\/v2\/pages\/3404\/revisions"}],"predecessor-version":[{"id":4181,"href":"https:\/\/ethik-der-textkulturen.de\/etk\/wp-json\/wp\/v2\/pages\/3404\/revisions\/4181"}],"up":[{"embeddable":true,"href":"https:\/\/ethik-der-textkulturen.de\/etk\/wp-json\/wp\/v2\/pages\/2567"}],"wp:attachment":[{"href":"https:\/\/ethik-der-textkulturen.de\/etk\/wp-json\/wp\/v2\/media?parent=3404"}],"curies":[{"name":"wp","href":"https:\/\/api.w.org\/{rel}","templated":true}]}}