{"id":2955,"date":"2020-04-04T12:18:11","date_gmt":"2020-04-04T10:18:11","guid":{"rendered":"https:\/\/kokoromi.philhist.uni-augsburg.de\/ethik-der-textkulturen.de\/?page_id=2955"},"modified":"2020-04-04T12:41:36","modified_gmt":"2020-04-04T10:41:36","slug":"bewerbungs-termine","status":"publish","type":"page","link":"https:\/\/ethik-der-textkulturen.de\/etk\/bewerbung-kontakt\/bewerbung\/bewerbungs-termine\/","title":{"rendered":"Bewerbungs-Termine"},"content":{"rendered":"\n<p>Termine f\u00fcr die Antr\u00e4ge auf Teilnahme am Auswahlverfahren:<\/p>\n\n\n\n<ul><li>beabsichtigter <strong>Studienbeginn im folgenden Sommersemester: <\/strong>bis sp\u00e4testens <strong>15. Februar<\/strong><\/li><li>beabsichtigter <strong>Studienbeginn im folgenden Wintersemester: <\/strong>bis sp\u00e4testens<strong> 01. August<\/strong> <\/li><\/ul>\n\n\n\n<p>Die Bewerbungsunterlagen m\u00fcssen vollst\u00e4ndig und fristgerecht vorliegen, damit eine Zulassung zum Eignungsfeststellungsverfahren erfolgen kann.<\/p>\n","protected":false},"excerpt":{"rendered":"<div class=\"mh-excerpt\"><p>Termine f\u00fcr die Antr\u00e4ge auf Teilnahme am Auswahlverfahren: beabsichtigter Studienbeginn im folgenden Sommersemester: bis sp\u00e4testens 15. Februar beabsichtigter Studienbeginn im folgenden Wintersemester: bis sp\u00e4testens 01. <a class=\"mh-excerpt-more\" href=\"https:\/\/ethik-der-textkulturen.de\/etk\/bewerbung-kontakt\/bewerbung\/bewerbungs-termine\/\" title=\"Bewerbungs-Termine\">[&#8230;]<\/a><\/p>\n<\/div>","protected":false},"author":10,"featured_media":0,"parent":2630,"menu_order":0,"comment_status":"closed","ping_status":"closed","template":"","meta":{"footnotes":""},"_links":{"self":[{"href":"https:\/\/ethik-der-textkulturen.de\/etk\/wp-json\/wp\/v2\/pages\/2955"}],"collection":[{"href":"https:\/\/ethik-der-textkulturen.de\/etk\/wp-json\/wp\/v2\/pages"}],"about":[{"href":"https:\/\/ethik-der-textkulturen.de\/etk\/wp-json\/wp\/v2\/types\/page"}],"author":[{"embeddable":true,"href":"https:\/\/ethik-der-textkulturen.de\/etk\/wp-json\/wp\/v2\/users\/10"}],"replies":[{"embeddable":true,"href":"https:\/\/ethik-der-textkulturen.de\/etk\/wp-json\/wp\/v2\/comments?post=2955"}],"version-history":[{"count":4,"href":"https:\/\/ethik-der-textkulturen.de\/etk\/wp-json\/wp\/v2\/pages\/2955\/revisions"}],"predecessor-version":[{"id":2976,"href":"https:\/\/ethik-der-textkulturen.de\/etk\/wp-json\/wp\/v2\/pages\/2955\/revisions\/2976"}],"up":[{"embeddable":true,"href":"https:\/\/ethik-der-textkulturen.de\/etk\/wp-json\/wp\/v2\/pages\/2630"}],"wp:attachment":[{"href":"https:\/\/ethik-der-textkulturen.de\/etk\/wp-json\/wp\/v2\/media?parent=2955"}],"curies":[{"name":"wp","href":"https:\/\/api.w.org\/{rel}","templated":true}]}}