{"id":2953,"date":"2020-04-04T12:35:54","date_gmt":"2020-04-04T10:35:54","guid":{"rendered":"https:\/\/kokoromi.philhist.uni-augsburg.de\/ethik-der-textkulturen.de\/?page_id=2953"},"modified":"2022-12-07T12:39:19","modified_gmt":"2022-12-07T10:39:19","slug":"wie-man-sich-bewirbt","status":"publish","type":"page","link":"https:\/\/ethik-der-textkulturen.de\/etk\/bewerbung-kontakt\/bewerbung\/wie-man-sich-bewirbt\/","title":{"rendered":"Wie man sich bewirbt"},"content":{"rendered":"\n<p>Die Zulassung f\u00fcr den Elitestudiengang &#8222;Ethik der Textkulturen&#8220; erfolgt \u00fcber ein eigenes Eignungsfeststellungsverfahren. Pro Semester werden an den Studienstandorten Augsburg und Erlangen-N\u00fcrnberg jeweils nur 15 Studierende zugelassen.<\/p>\n\n\n\n<div style=\"height:20px\" aria-hidden=\"true\" class=\"wp-block-spacer\"><\/div>\n\n\n\n<h3 class=\"has-vivid-cyan-blue-color has-text-color wp-block-heading\">Bewerbungsunterlagen<\/h3>\n\n\n\n<p>F\u00fcr ein Studium am <strong>Standort Augsburg<\/strong> sind die Antr\u00e4ge an die Koordinationsstelle des Studiengangs zu richten (<a href=\"https:\/\/ethik-der-textkulturen.de\/etk\/bewerbung-kontakt\/bewerbung\/bewerbungs-termine\/\" target=\"_blank\" rel=\"noreferrer noopener\">Einreichfristen siehe hier<\/a>):<\/p>\n\n\n\n<p>Universit\u00e4t Augsburg<br>Ethik der Textkulturen<br>Universit\u00e4tsstr. 10<br>86135 Augsburg<\/p>\n\n\n\n<p>Die Anmeldung am <strong>Standort Erlangen-N\u00fcrnberg<\/strong> muss per <strong>Online-Bewerbung<\/strong> \u00fcber das Portal <strong><a rel=\"noreferrer noopener\" href=\"https:\/\/www.campo.fau.de\/qisserver\/pages\/cs\/sys\/portal\/hisinoneStartPage.faces?chco=y\" target=\"_blank\">www.campo.fau.de<\/a><\/strong> erfolgen (<a rel=\"noreferrer noopener\" href=\"https:\/\/ethik-der-textkulturen.de\/etk\/bewerbung-kontakt\/bewerbung\/bewerbungs-termine\/\" target=\"_blank\">Einreichfristen siehe hier<\/a>).<\/p>\n\n\n\n<div style=\"height:20px\" aria-hidden=\"true\" class=\"wp-block-spacer\"><\/div>\n\n\n\n<h3 class=\"has-vivid-cyan-blue-color has-text-color wp-block-heading\">Was der Bewerbung beiliegen muss<\/h3>\n\n\n\n<ol><li>Ein Nachweis \u00fcber die Pr\u00fcfung der allgemeinen Hochschulreife<\/li><li>ein Nachweis \u00fcber einen anerkannten Abschluss, aus dem die einzelnen Pr\u00fcfungsleistungen hervorgehen (kann in Ausnahmef\u00e4llen auch nachgereicht werden); <br>Bewerber*innen, die einen Studiengang noch nicht abgeschlossen haben, ben\u00f6tigen einen Nachweis \u00fcber die in diesem Studiengang erzielten Leistungen sowie eine Best\u00e4tigung der auf der Grundlage der bisher erbrachten Leistungen gebildeten vorl\u00e4ufigen Gesamtnote<\/li><li>Kopie <em>Transcript of Records<\/em> (bei noch nicht abgeschlossenem Studium ein Nachweis \u00fcber den&nbsp;aktuellen Stand aller bisherigen Leistungen, z.B. STUDIS-Auszug)<\/li><li>eine selbst formulierte Zielvorstellung mit ausf\u00fchrlicher Begr\u00fcndung (maximal 4 Seiten)<\/li><li>ein l\u00fcckenloser tabellarischer Lebenslauf<\/li><li>Nachweise \u00fcber gegebenenfalls erbrachte extracurriculare Studienleistungen, Pr\u00fcfungsleistungen oder Studienzeiten oder praktische T\u00e4tigkeiten.<\/li><li>Bei Bewerber*innen, deren Studienqualifikation nicht an einer deutschsprachigen Einrichtung erworben wurde: Nachweis \u00fcber C1-Niveau<\/li><\/ol>\n\n\n\n<div style=\"height:20px\" aria-hidden=\"true\" class=\"wp-block-spacer\"><\/div>\n\n\n\n<h3 class=\"has-vivid-cyan-blue-color has-text-color wp-block-heading\">Das Eignungsfeststellungsverfahren<\/h3>\n\n\n\n<p>Bewerber, bei denen die Zulassungskommission anhand der eingereichten Unterlagen zur \u00dcberzeugung gelangt, dass der Be\u00adwerber voraussichtlich die Anforderungen des Studiengangs erf\u00fcllen kann, erhalten einen Bescheid \u00fcber die Teilnahme an einem 20-min\u00fctigen Eignungsfeststellungs\u00adgespr\u00e4ch.<\/p>\n\n\n\n<p>Das Gespr\u00e4ch soll zeigen, ob der Bewerber erwarten l\u00e4sst, das Ziel des Stu\u00addiengangs auf wissenschaftlicher Grundlage selbst\u00e4ndig und verantwortungsbewusst zu erreichen. Es erstreckt sich in der Regel auf die f\u00fcr den Studiengang erforderlichen Fachkenntnisse in einem der am Studiengang beteiligten F\u00e4cher sowie der englischen Sprache.<\/p>\n\n\n\n<p>Der Bewerber wird schriftlich dar\u00fcber benachrichtigt, ob das Eignungsfeststellungsgespr\u00e4ch erfolgreich verlaufen, d. h. bestanden ist und ob eine Zulassung zum Studiengang erfolgt.<\/p>\n","protected":false},"excerpt":{"rendered":"<div class=\"mh-excerpt\"><p>Die Zulassung f\u00fcr den Elitestudiengang &#8222;Ethik der Textkulturen&#8220; erfolgt \u00fcber ein eigenes Eignungsfeststellungsverfahren. Pro Semester werden an den Studienstandorten Augsburg und Erlangen-N\u00fcrnberg jeweils nur 15 <a class=\"mh-excerpt-more\" href=\"https:\/\/ethik-der-textkulturen.de\/etk\/bewerbung-kontakt\/bewerbung\/wie-man-sich-bewirbt\/\" title=\"Wie man sich bewirbt\">[&#8230;]<\/a><\/p>\n<\/div>","protected":false},"author":10,"featured_media":0,"parent":2630,"menu_order":0,"comment_status":"closed","ping_status":"closed","template":"","meta":{"footnotes":""},"_links":{"self":[{"href":"https:\/\/ethik-der-textkulturen.de\/etk\/wp-json\/wp\/v2\/pages\/2953"}],"collection":[{"href":"https:\/\/ethik-der-textkulturen.de\/etk\/wp-json\/wp\/v2\/pages"}],"about":[{"href":"https:\/\/ethik-der-textkulturen.de\/etk\/wp-json\/wp\/v2\/types\/page"}],"author":[{"embeddable":true,"href":"https:\/\/ethik-der-textkulturen.de\/etk\/wp-json\/wp\/v2\/users\/10"}],"replies":[{"embeddable":true,"href":"https:\/\/ethik-der-textkulturen.de\/etk\/wp-json\/wp\/v2\/comments?post=2953"}],"version-history":[{"count":14,"href":"https:\/\/ethik-der-textkulturen.de\/etk\/wp-json\/wp\/v2\/pages\/2953\/revisions"}],"predecessor-version":[{"id":4185,"href":"https:\/\/ethik-der-textkulturen.de\/etk\/wp-json\/wp\/v2\/pages\/2953\/revisions\/4185"}],"up":[{"embeddable":true,"href":"https:\/\/ethik-der-textkulturen.de\/etk\/wp-json\/wp\/v2\/pages\/2630"}],"wp:attachment":[{"href":"https:\/\/ethik-der-textkulturen.de\/etk\/wp-json\/wp\/v2\/media?parent=2953"}],"curies":[{"name":"wp","href":"https:\/\/api.w.org\/{rel}","templated":true}]}}