{"id":2948,"date":"2020-04-04T12:04:48","date_gmt":"2020-04-04T10:04:48","guid":{"rendered":"https:\/\/kokoromi.philhist.uni-augsburg.de\/ethik-der-textkulturen.de\/?page_id=2948"},"modified":"2022-12-07T12:08:11","modified_gmt":"2022-12-07T10:08:11","slug":"fau-integra","status":"publish","type":"page","link":"https:\/\/ethik-der-textkulturen.de\/etk\/fau-integra\/","title":{"rendered":"FAU INTEGRA"},"content":{"rendered":"<div class=\"wp-block-image\">\n<figure class=\"alignright size-large is-resized\"><img loading=\"lazy\" decoding=\"async\" src=\"https:\/\/ethik-der-textkulturen.de\/etk\/wp-content\/uploads\/2017\/04\/Monument_Foto-Mareike-Jakob-1-563x750.jpg\" alt=\"\" class=\"wp-image-1829\" width=\"284\" height=\"378\" srcset=\"https:\/\/ethik-der-textkulturen.de\/etk\/wp-content\/uploads\/2017\/04\/Monument_Foto-Mareike-Jakob-1-563x750.jpg 563w, https:\/\/ethik-der-textkulturen.de\/etk\/wp-content\/uploads\/2017\/04\/Monument_Foto-Mareike-Jakob-1-131x175.jpg 131w, https:\/\/ethik-der-textkulturen.de\/etk\/wp-content\/uploads\/2017\/04\/Monument_Foto-Mareike-Jakob-1-278x370.jpg 278w, https:\/\/ethik-der-textkulturen.de\/etk\/wp-content\/uploads\/2017\/04\/Monument_Foto-Mareike-Jakob-1-768x1024.jpg 768w, https:\/\/ethik-der-textkulturen.de\/etk\/wp-content\/uploads\/2017\/04\/Monument_Foto-Mareike-Jakob-1.jpg 1279w\" sizes=\"(max-width: 284px) 100vw, 284px\" \/><\/figure><\/div>\n\n\n<p>Das <em>Forum f\u00fcr Integration und interkulturellen Dialog<\/em> \u0090\u201eFAU INTEGRA<strong>\u201c<\/strong> versteht sich als zentrale Vernetzungsstelle f\u00fcr <strong>alle Aktivit\u00e4ten der FAU in Bezug auf Gefl\u00fcchtete.<\/strong> Initiiert wurde die Koordinationsstelle aus Mitteln des interdisziplin\u00e4ren Masterstudiengangs \u201eEthik der Textkulturen\u201c am Lehrstuhl f\u00fcr Neuere deutsche Literaturgeschichte (Prof. Christine Lubkoll).<\/p>\n\n\n\n<p>FAU INTEGRA verbindet das Programm <strong>\u201eStudienorientierung f\u00fcr Gefl\u00fcchtete\u201c<\/strong> mit einer <strong>\u201ewissenschaftlichen Begleitung\u201c<\/strong> des Integrationsprozesses und der Kommunikation der Universit\u00e4t mit der st\u00e4dtischen \u00d6ffentlichkeit.<\/p>\n\n\n\n<p>Informationen zum Projekt auch unter: <a href=\"https:\/\/www.integra.fau.de\/\">https:\/\/www.integra.fau.de\/<\/a><\/p>\n\n\n\n<p><strong>SoSe 2022, Ringvorlesung<\/strong>: <a rel=\"noreferrer noopener\" href=\"https:\/\/www.integra.fau.de\/vernetzung\/ringvorlesung\/ringvorlesung-der-ukraine-krieg-im-dialog\/\" target=\"_blank\">&#8222;Der Ukraine-Krieg im Dialog&#8220;<\/a><br><strong>SoSe 2022, Ringvorlesung<\/strong>: <a href=\"https:\/\/www.integra.fau.de\/vernetzung\/ringvorlesung\/sprache-2022\/\" target=\"_blank\" rel=\"noreferrer noopener\">&#8222;Sprache, Spracherwerb und -vermittlung im Kontext von Zuwanderung&#8220;<\/a><br><strong>WiSe 2021\/22<\/strong>: <a rel=\"noreferrer noopener\" href=\"https:\/\/www.integra.fau.de\/vernetzung\/kulturforum\/kulturforum-2021-22\/\" target=\"_blank\">&#8222;Kulturforum&#8220;<\/a><br><strong>SoSe 2020, Ringvorlesung:<\/strong> <a rel=\"noreferrer noopener\" href=\"https:\/\/ethik-der-textkulturen.de\/etk\/wp-content\/uploads\/2020\/04\/Posterentwurf_Ringvorlesung_Mauerf\u00e4lle_SoSe20_Stand-14.4..pdf\" target=\"_blank\">&#8222;Mauerf\u00e4lle. Grenzen und Umbr\u00fcche in Gesellschaft, Kultur und Literatur&#8220;<\/a><br><strong>WiSe 2019\/20<\/strong>: <a rel=\"noreferrer noopener\" href=\"https:\/\/www.integra.fau.de\/vernetzung\/kulturforum\/kulturforum-2019-20\/\" target=\"_blank\">&#8222;Kulturforum&#8220;<\/a><br><strong><strong>SoSe 2019<\/strong><\/strong>, <strong>Ringvorlesung: <\/strong><a rel=\"noreferrer noopener\" href=\"https:\/\/www.integra.fau.de\/vernetzung\/ringvorlesung-distinktion-ausgrenzung-und-mobilitaet-2019\/\" target=\"_blank\">\u201eDistinktion, Ausgrenzung und Mobilit\u00e4t. Interdisziplin\u00e4re Perspektiven auf soziale Ungleichheit\u201c<\/a><br><strong>WiSe 2018\/19:<\/strong> <a rel=\"noreferrer noopener\" href=\"https:\/\/www.integra.fau.de\/vernetzung\/kulturforum-2018-19\/\" target=\"_blank\">&#8222;Kulturforum &#8218;Empowerment f\u00fcr Gefl\u00fcchtete'&#8220;<\/a><br><strong><strong>SoSe 2018<\/strong><\/strong>, <strong>Ringvorlesung:<\/strong> <a rel=\"noreferrer noopener\" href=\"https:\/\/www.fau.de\/2018\/04\/news\/veranstaltungen\/ringvorlesung-integration-interdisziplinaere-perspektiven\/\" target=\"_blank\">\u201eIntegration. Interdisziplin\u00e4re Perspektiven\u201c<\/a><br><strong>WiSe 2017\/18:<\/strong> <a rel=\"noreferrer noopener\" href=\"https:\/\/www.integra.fau.de\/vernetzung\/kulturforum-201718\/\" target=\"_blank\">&#8222;Kulturforum&#8220;<\/a><br><strong><strong>SoSe 2017<\/strong><\/strong>, <strong>Ringvorlesung:<\/strong> <a rel=\"noreferrer noopener\" href=\"https:\/\/www.izg.fau.de\/files\/2017\/04\/FAU_Integra_Ringvorlesung-2017.pdf\" target=\"_blank\">\u201eGutmenschen \u2013 Wutb\u00fcrger. Ethische Aspekte gesellschaftlicher Debatten\u201c<\/a><br><strong>WiSe 2016\/17:<\/strong> <a rel=\"noreferrer noopener\" href=\"https:\/\/ethik-der-textkulturen.de\/etk\/wp-content\/uploads\/2016\/10\/Kulturforum-WS-16_Druck.pdf\" target=\"_blank\">\u201eIntegra Kulturforum\u201c<\/a><br><strong>SoSe 2016, <strong>Ringvorlesung<\/strong>:<\/strong> <a rel=\"noreferrer noopener\" href=\"https:\/\/www.integra.fau.de\/vernetzung\/ringvorlesungen\/ringvorlesung-2016\/\" target=\"_blank\">\u201eDie Fl\u00fcchtlingsfrage \u2013 interdisziplin\u00e4re Perspektiven\u201c<\/a><br><br><br><br><br><\/p>\n","protected":false},"excerpt":{"rendered":"<div class=\"mh-excerpt\"><p>Das Forum f\u00fcr Integration und interkulturellen Dialog \u0090\u201eFAU INTEGRA\u201c versteht sich als zentrale Vernetzungsstelle f\u00fcr alle Aktivit\u00e4ten der FAU in Bezug auf Gefl\u00fcchtete. Initiiert wurde <a class=\"mh-excerpt-more\" href=\"https:\/\/ethik-der-textkulturen.de\/etk\/fau-integra\/\" title=\"FAU INTEGRA\">[&#8230;]<\/a><\/p>\n<\/div>","protected":false},"author":10,"featured_media":0,"parent":0,"menu_order":0,"comment_status":"closed","ping_status":"closed","template":"","meta":{"footnotes":""},"_links":{"self":[{"href":"https:\/\/ethik-der-textkulturen.de\/etk\/wp-json\/wp\/v2\/pages\/2948"}],"collection":[{"href":"https:\/\/ethik-der-textkulturen.de\/etk\/wp-json\/wp\/v2\/pages"}],"about":[{"href":"https:\/\/ethik-der-textkulturen.de\/etk\/wp-json\/wp\/v2\/types\/page"}],"author":[{"embeddable":true,"href":"https:\/\/ethik-der-textkulturen.de\/etk\/wp-json\/wp\/v2\/users\/10"}],"replies":[{"embeddable":true,"href":"https:\/\/ethik-der-textkulturen.de\/etk\/wp-json\/wp\/v2\/comments?post=2948"}],"version-history":[{"count":12,"href":"https:\/\/ethik-der-textkulturen.de\/etk\/wp-json\/wp\/v2\/pages\/2948\/revisions"}],"predecessor-version":[{"id":4177,"href":"https:\/\/ethik-der-textkulturen.de\/etk\/wp-json\/wp\/v2\/pages\/2948\/revisions\/4177"}],"wp:attachment":[{"href":"https:\/\/ethik-der-textkulturen.de\/etk\/wp-json\/wp\/v2\/media?parent=2948"}],"curies":[{"name":"wp","href":"https:\/\/api.w.org\/{rel}","templated":true}]}}