{"id":2946,"date":"2020-04-04T11:43:00","date_gmt":"2020-04-04T09:43:00","guid":{"rendered":"https:\/\/kokoromi.philhist.uni-augsburg.de\/ethik-der-textkulturen.de\/?page_id=2946"},"modified":"2024-03-18T14:52:44","modified_gmt":"2024-03-18T12:52:44","slug":"impressum","status":"publish","type":"page","link":"https:\/\/ethik-der-textkulturen.de\/etk\/impressum\/","title":{"rendered":"Impressum"},"content":{"rendered":"\n<h4 class=\"wp-block-heading has-vivid-cyan-blue-color has-text-color\">Die Studiengangssprecherin:<\/h4>\n\n\n\n<p><strong>Prof. Dr. Stephanie Waldow<\/strong><br>Professur f\u00fcr Neuere Deutsche Literaturwissenschaft mit dem Schwerpunkt Ethik<br>Philologisch-Historische Fakult\u00e4t<br>Universit\u00e4tsstra\u00dfe 10<br>86159 Augsburg<\/p>\n\n\n\n<p>Telefon: +49 821 598 &#8211; 5752<br>Telefon: +49 821 598 &#8211; 2781 (Sekretariat)<br>Email: stephanie.waldow@philhist.uni-augsburg.de<\/p>\n\n\n\n<div style=\"height:20px\" aria-hidden=\"true\" class=\"wp-block-spacer\"><\/div>\n\n\n\n<div style=\"height:20px\" aria-hidden=\"true\" class=\"wp-block-spacer\"><\/div>\n\n\n\n<div style=\"height:20px\" aria-hidden=\"true\" class=\"wp-block-spacer\"><\/div>\n\n\n\n<p><strong>Prof. Dr. Antje Kley<\/strong><br>Lehrstuhl f\u00fcr Amerikanistik, insbesondere Literaturwissenschaft<br>Bismarckstr. 1<br>91054 Erlangen<\/p>\n\n\n\n<div class=\"wp-block-group is-layout-flow wp-block-group-is-layout-flow\"><div class=\"wp-block-group__inner-container\">\n<p>Telefon: +49 9131 85 &#8211; 22439<br>Telefax: +49 9131 85 &#8211; 23442<br>Email: antje.kley@fau.de<\/p>\n<\/div><\/div>\n","protected":false},"excerpt":{"rendered":"<div class=\"mh-excerpt\"><p>Die Studiengangssprecherin: Prof. Dr. Stephanie WaldowProfessur f\u00fcr Neuere Deutsche Literaturwissenschaft mit dem Schwerpunkt EthikPhilologisch-Historische Fakult\u00e4tUniversit\u00e4tsstra\u00dfe 1086159 Augsburg Telefon: +49 821 598 &#8211; 5752Telefon: +49 821 <a class=\"mh-excerpt-more\" href=\"https:\/\/ethik-der-textkulturen.de\/etk\/impressum\/\" title=\"Impressum\">[&#8230;]<\/a><\/p>\n<\/div>","protected":false},"author":10,"featured_media":0,"parent":0,"menu_order":0,"comment_status":"closed","ping_status":"closed","template":"","meta":{"footnotes":""},"_links":{"self":[{"href":"https:\/\/ethik-der-textkulturen.de\/etk\/wp-json\/wp\/v2\/pages\/2946"}],"collection":[{"href":"https:\/\/ethik-der-textkulturen.de\/etk\/wp-json\/wp\/v2\/pages"}],"about":[{"href":"https:\/\/ethik-der-textkulturen.de\/etk\/wp-json\/wp\/v2\/types\/page"}],"author":[{"embeddable":true,"href":"https:\/\/ethik-der-textkulturen.de\/etk\/wp-json\/wp\/v2\/users\/10"}],"replies":[{"embeddable":true,"href":"https:\/\/ethik-der-textkulturen.de\/etk\/wp-json\/wp\/v2\/comments?post=2946"}],"version-history":[{"count":6,"href":"https:\/\/ethik-der-textkulturen.de\/etk\/wp-json\/wp\/v2\/pages\/2946\/revisions"}],"predecessor-version":[{"id":4617,"href":"https:\/\/ethik-der-textkulturen.de\/etk\/wp-json\/wp\/v2\/pages\/2946\/revisions\/4617"}],"wp:attachment":[{"href":"https:\/\/ethik-der-textkulturen.de\/etk\/wp-json\/wp\/v2\/media?parent=2946"}],"curies":[{"name":"wp","href":"https:\/\/api.w.org\/{rel}","templated":true}]}}