{"id":2712,"date":"2020-03-14T18:05:42","date_gmt":"2020-03-14T16:05:42","guid":{"rendered":"https:\/\/kokoromi.philhist.uni-augsburg.de\/ethik-der-textkulturen.de\/?page_id=2712"},"modified":"2026-02-23T16:01:29","modified_gmt":"2026-02-23T14:01:29","slug":"downloads","status":"publish","type":"page","link":"https:\/\/ethik-der-textkulturen.de\/etk\/studium\/downloads\/","title":{"rendered":"Downloads"},"content":{"rendered":"\n<div style=\"height:20px\" aria-hidden=\"true\" class=\"wp-block-spacer\"><\/div>\n\n\n\n<figure class=\"wp-block-table is-style-regular\"><table><thead><tr><th><\/th><th>Augsburg<\/th><th>Erlangen<\/th><\/tr><\/thead><tbody><tr><td><strong>Pr\u00fcfungsordnungen<\/strong><\/td><td><a href=\"https:\/\/ethik-der-textkulturen.de\/etk\/wp-content\/uploads\/2019\/09\/MA_Ethik_der_Textkulturen_20190828.pdf\" target=\"_blank\" rel=\"noreferrer noopener\">ETK-Pr\u00fcfungsordnung 2019<\/a><\/td><td><a href=\"https:\/\/ethik-der-textkulturen.de\/etk\/wp-content\/uploads\/2019\/09\/MA_Ethik_der_Textkulturen_20190828.pdf\" target=\"_blank\" rel=\"noreferrer noopener\">ETK-Pr\u00fcfungsordnung 2019<\/a><\/td><\/tr><tr><td><\/td><td><a rel=\"noreferrer noopener\" href=\"https:\/\/www.zuv.fau.de\/universitaet\/organisation\/recht\/studiensatzungen\/PHIL1\/Elite-MA%20Ethik%20der%20Textkulturen%202014.pdf\" target=\"_blank\">ETK-Pr\u00fcfungsordnung 2014<\/a><\/td><td><a rel=\"noreferrer noopener\" href=\"https:\/\/www.zuv.fau.de\/universitaet\/organisation\/recht\/studiensatzungen\/PHIL1\/Elite-MA%20Ethik%20der%20Textkulturen%202014.pdf\" target=\"_blank\">ETK-Pr\u00fcfungsordnung 2014<\/a><\/td><\/tr><tr><td><\/td><td><\/td><td><\/td><\/tr><tr><td><strong>Modulhandb\u00fccher<\/strong><\/td><td><a rel=\"noreferrer noopener\" href=\"https:\/\/ethik-der-textkulturen.de\/etk\/wp-content\/uploads\/2019\/09\/Modul\u00fcbersicht-PO-2019.pdf\" target=\"_blank\">Modul\u00fcbersicht PO 2019<\/a><\/td><td><a href=\"https:\/\/ethik-der-textkulturen.de\/etk\/wp-content\/uploads\/2025\/02\/250210_Modulhandbuch_Ethik-der-Textkulturen.pdf\">Modulhandbuch Erlangen<\/a><\/td><\/tr><tr><td><\/td><td><\/td><td><\/td><\/tr><tr><td><strong>Belegpl\u00e4ne\/Vorlagen<\/strong><\/td><td><a rel=\"noreferrer noopener\" href=\"https:\/\/ethik-der-textkulturen.de\/etk\/wp-content\/uploads\/2015\/07\/Vorlage_Kostenerstattung_2015.pdf\" target=\"_blank\">Antrag auf Kostenerstattung<\/a><\/td><td><a href=\"https:\/\/ethik-der-textkulturen.de\/etk\/wp-content\/uploads\/2015\/08\/Belegplan-Erlangen-neue-PO.doc\" target=\"_blank\" rel=\"noreferrer noopener\">Belegplan Erlangen (neue PO)<\/a><\/td><\/tr><tr><td><\/td><td><a rel=\"noreferrer noopener\" href=\"https:\/\/www.uni-augsburg.de\/de\/studium\/organisation-beratung\/pruefungen\/infos-und-antrage\/philologisch-historische-fakultat-pruefungen\/\" target=\"_blank\">Dokumente des Pr\u00fcfungsamtes<\/a><\/td><td><a href=\"https:\/\/ethik-der-textkulturen.de\/etk\/wp-content\/uploads\/2020\/04\/Musterbelegplan-ETK.pdf\">Muster-Be<\/a><a href=\"https:\/\/ethik-der-textkulturen.de\/etk\/wp-content\/uploads\/2020\/04\/Musterbelegplan-ETK.pdf\" target=\"_blank\" rel=\"noreferrer noopener\">l<\/a><a href=\"https:\/\/ethik-der-textkulturen.de\/etk\/wp-content\/uploads\/2020\/04\/Musterbelegplan-ETK.pdf\">egplan Erlangen<\/a><\/td><\/tr><tr><td><\/td><td><\/td><td><\/td><\/tr><tr><td><strong>Abschlussphase<\/strong><\/td><td><a href=\"https:\/\/assets.uni-augsburg.de\/media\/filer_public\/f2\/7d\/f27daefe-d462-4ebf-b453-852df63c1f48\/202410_antrag_auf_themenausgabe_phil-hist.pdf\" target=\"_blank\" rel=\"noreferrer noopener\">Masterarbeit \u2013 Anmeldung<\/a><\/td><td><a href=\"https:\/\/ethik-der-textkulturen.de\/etk\/wp-content\/uploads\/2020\/11\/Leitfaden-Abschlussphase-Erlangen.pdf\">Aktueller Leitfaden Abschlussphase<\/a><\/td><\/tr><tr><td><\/td><td><a href=\"https:\/\/assets.uni-augsburg.de\/media\/filer_public\/7f\/ff\/7fff94c5-39c6-4c1a-8c34-45ca3e7f5001\/20180719_erklarung_zur_abgabe_der_arbeit_ba_mit_platgiatsoftw.pdf\" target=\"_blank\" rel=\"noreferrer noopener\">Masterarbeit \u2013 Erkl\u00e4rung<\/a><\/td><td><a href=\"https:\/\/ethik-der-textkulturen.de\/etk\/wp-content\/uploads\/2023\/06\/masterarbeit-anmeldung-philosophische-fakultaet.pdf\" data-type=\"attachment\" target=\"_blank\" rel=\"noreferrer noopener\">Masterarbeit \u2013 Anmeldung<\/a><\/td><\/tr><tr><td><\/td><td><a href=\"https:\/\/ethik-der-textkulturen.de\/etk\/wp-content\/uploads\/2024\/12\/Ablauf-der-muendlichen-Pruefung-im-Master.pdf\">Ablauf m\u00fcndliche Pr\u00fcfung<\/a><\/td><td><a href=\"https:\/\/ethik-der-textkulturen.de\/etk\/wp-content\/uploads\/2024\/12\/Ablauf-der-muendlichen-Pruefung-im-Master.pdf\">Ablauf m\u00fcndliche Pr\u00fcfung<\/a><\/td><\/tr><tr><td><\/td><td><a href=\"https:\/\/ethik-der-textkulturen.de\/etk\/wp-content\/uploads\/2019\/05\/20190307-Zeugnis-Ethik-der-Textkulturen.pdf\" target=\"_blank\" rel=\"noreferrer noopener\">Antrag auf Erstellung meines Zeugnisses<\/a><\/td><td><a href=\"https:\/\/ethik-der-textkulturen.de\/etk\/wp-content\/uploads\/2020\/11\/Laufzettel-Studienabschluss-Ethik-der-Textkulturen.pdf\" target=\"_blank\" rel=\"noreferrer noopener\">Laufzettel Studienabschluss<\/a><\/td><\/tr><tr><td><\/td><td><\/td><td><a rel=\"noreferrer noopener\" href=\"https:\/\/ethik-der-textkulturen.de\/etk\/wp-content\/uploads\/2018\/12\/Verfahren-zur-Anerkennung-von-Masterarbeiten-im-Doppelstudium.pdf\" target=\"_blank\">Anerkennung von Masterarbeiten im Doppelstudium<\/a><\/td><\/tr><\/tbody><\/table><\/figure>\n","protected":false},"excerpt":{"rendered":"<div class=\"mh-excerpt\"><p>Augsburg Erlangen Pr\u00fcfungsordnungen ETK-Pr\u00fcfungsordnung 2019 ETK-Pr\u00fcfungsordnung 2019 ETK-Pr\u00fcfungsordnung 2014 ETK-Pr\u00fcfungsordnung 2014 Modulhandb\u00fccher Modul\u00fcbersicht PO 2019 Modulhandbuch Erlangen Belegpl\u00e4ne\/Vorlagen Antrag auf Kostenerstattung Belegplan Erlangen (neue PO) <a class=\"mh-excerpt-more\" href=\"https:\/\/ethik-der-textkulturen.de\/etk\/studium\/downloads\/\" title=\"Downloads\">[&#8230;]<\/a><\/p>\n<\/div>","protected":false},"author":10,"featured_media":0,"parent":2567,"menu_order":4,"comment_status":"closed","ping_status":"closed","template":"","meta":{"footnotes":""},"_links":{"self":[{"href":"https:\/\/ethik-der-textkulturen.de\/etk\/wp-json\/wp\/v2\/pages\/2712"}],"collection":[{"href":"https:\/\/ethik-der-textkulturen.de\/etk\/wp-json\/wp\/v2\/pages"}],"about":[{"href":"https:\/\/ethik-der-textkulturen.de\/etk\/wp-json\/wp\/v2\/types\/page"}],"author":[{"embeddable":true,"href":"https:\/\/ethik-der-textkulturen.de\/etk\/wp-json\/wp\/v2\/users\/10"}],"replies":[{"embeddable":true,"href":"https:\/\/ethik-der-textkulturen.de\/etk\/wp-json\/wp\/v2\/comments?post=2712"}],"version-history":[{"count":27,"href":"https:\/\/ethik-der-textkulturen.de\/etk\/wp-json\/wp\/v2\/pages\/2712\/revisions"}],"predecessor-version":[{"id":5034,"href":"https:\/\/ethik-der-textkulturen.de\/etk\/wp-json\/wp\/v2\/pages\/2712\/revisions\/5034"}],"up":[{"embeddable":true,"href":"https:\/\/ethik-der-textkulturen.de\/etk\/wp-json\/wp\/v2\/pages\/2567"}],"wp:attachment":[{"href":"https:\/\/ethik-der-textkulturen.de\/etk\/wp-json\/wp\/v2\/media?parent=2712"}],"curies":[{"name":"wp","href":"https:\/\/api.w.org\/{rel}","templated":true}]}}