{"id":2710,"date":"2020-03-14T18:05:03","date_gmt":"2020-03-14T16:05:03","guid":{"rendered":"https:\/\/kokoromi.philhist.uni-augsburg.de\/ethik-der-textkulturen.de\/?page_id=2710"},"modified":"2022-12-07T12:34:55","modified_gmt":"2022-12-07T10:34:55","slug":"studierendeninitiativen","status":"publish","type":"page","link":"https:\/\/ethik-der-textkulturen.de\/etk\/studium\/studierendeninitiativen\/","title":{"rendered":"Studierendeninitiativen"},"content":{"rendered":"\n<h4 class=\"has-vivid-cyan-blue-color has-text-color wp-block-heading\">Augsburg<\/h4>\n\n\n\n<ul><li>Ethik-H\u00fctte<\/li><\/ul>\n\n\n\n<div style=\"height:20px\" aria-hidden=\"true\" class=\"wp-block-spacer\"><\/div>\n\n\n\n<h4 class=\"has-vivid-cyan-blue-color has-text-color wp-block-heading\">Erlangen<\/h4>\n\n\n\n<ul><li>Lekt\u00fcrekreis<\/li><li>Lekt\u00fcreklausur<br><a href=\"https:\/\/ethik-der-textkulturen.de\/etk\/lektuere-klausur-2021-l-wittgenstein-philosophische-untersuchungen\/\" data-type=\"post\" data-id=\"3532\">2021: Ludwig Wittgenstein: &#8222;Philosophische Untersuchungen&#8220;<\/a><br><a href=\"https:\/\/ethik-der-textkulturen.de\/etk\/lektuere-klausur-gilles-deleuze-felix-guattari-anti-oedipus\/\">2020: Gilles Deleuze \/ F\u00e9lix Guattari: Anti-\u00d6dipus<\/a><br><a href=\"https:\/\/ethik-der-textkulturen.de\/etk\/lektuereklausur-adorno-negative-dialektik\/\">2019: Theodor W. Adorno, &#8222;Negative Dialektik&#8220;<\/a><\/li><li>Konzertabend <a href=\"https:\/\/ethik-der-textkulturen.de\/etk\/ueberhoert-komponistinnen-ins-licht-gerueckt-konzertabend\/\" data-type=\"post\" data-id=\"3907\">&#8222;\u00dcberh\u00f6rt&#8220;<\/a> 2022<\/li><li><a href=\"https:\/\/ethik-der-textkulturen.de\/etk\/podcasts-aus-dem-seminar-luegende-dichter-fakes-und-faelschungen-in-der-literatur\/\">Podcasts aus dem Seminar &#8222;L\u00fcgende Dichter? Fakes und F\u00e4lschungen in der Literatur&#8220;<\/a><\/li><\/ul>\n\n\n\n<div style=\"height:20px\" aria-hidden=\"true\" class=\"wp-block-spacer\"><\/div>\n\n\n\n<h4 class=\"has-vivid-cyan-blue-color has-text-color wp-block-heading\">Studentische Tagungen<\/h4>\n\n\n\n<ul><li><strong>WiSe 2022\/23, Erlangen<\/strong>: <a href=\"https:\/\/ethik-der-textkulturen.de\/etk\/cfp-tagung-ab-morgen-digital-zum-diskurs-der-digitalisierung\/\" data-type=\"post\" data-id=\"4159\">&#8222;ab morgen digital! Zum Diskurs der Digitalisierung&#8220;<\/a><\/li><li><strong>SoSe 2020 \/ WiSe 2021\/22, Erlangen:<\/strong> <a rel=\"noreferrer noopener\" href=\"https:\/\/ethik-der-textkulturen.de\/etk\/cfp-tagung-von-zeit-zu-zeit-polyperspektivische-konzepte-von-temporalitaet\/\" target=\"_blank\">\u201eVon Zeit zu Zeit \u2013 Polyperspektivische Konzepte von Temporalit\u00e4t\u201c<\/a><\/li><li><strong>SoSe 2019, Erlangen:<\/strong> <a rel=\"noreferrer noopener\" href=\"https:\/\/ethik-der-textkulturen.de\/etk\/tagung-was-war-geschlecht-geschlechterforschung-kollaborativ\/\" target=\"_blank\">\u201eWas war Geschlecht? Geschlechterforschung \u2013 kollaborativ\u201c<\/a><\/li><li><strong>SoSe 2018, Erlangen:<\/strong> <a rel=\"noreferrer noopener\" href=\"https:\/\/ethik-der-textkulturen.de\/etk\/tagung-ohne-leitbilder-vom-nutzen-und-nachteil-der-tradition-fuer-das-leben\/\" target=\"_blank\">\u201eOhne Leitbilder? Vom Nutzen und Nachteil der Tradition f\u00fcr das Leben\u201c<\/a><\/li><li><strong>WiSe 2017\/18, Augsburg:<\/strong> <a rel=\"noreferrer noopener\" href=\"https:\/\/ethik-der-textkulturen.de\/etk\/tagung-merkmal-makel-moeglichkeiten\/\" target=\"_blank\">\u201eMerkmal, Makel, M\u00f6glichkeiten. Stigmatisierung als Movens in der Identit\u00e4tskonstitution\u201c<\/a><\/li><li><strong>SoSe 2017, Erlangen:<\/strong> <a rel=\"noreferrer noopener\" href=\"https:\/\/ethik-der-textkulturen.de\/etk\/tagungsprogramm-nach-bestem-wissen\/\" target=\"_blank\">\u201eNach bestem Wissen\u2026 Interdisziplin\u00e4re Zug\u00e4nge zu einem allgegenw\u00e4rtigen Problem\u201c<\/a><\/li><\/ul>\n","protected":false},"excerpt":{"rendered":"<div class=\"mh-excerpt\"><p>Augsburg Ethik-H\u00fctte Erlangen Lekt\u00fcrekreis Lekt\u00fcreklausur2021: Ludwig Wittgenstein: &#8222;Philosophische Untersuchungen&#8220;2020: Gilles Deleuze \/ F\u00e9lix Guattari: Anti-\u00d6dipus2019: Theodor W. Adorno, &#8222;Negative Dialektik&#8220; Konzertabend &#8222;\u00dcberh\u00f6rt&#8220; 2022 Podcasts aus <a class=\"mh-excerpt-more\" href=\"https:\/\/ethik-der-textkulturen.de\/etk\/studium\/studierendeninitiativen\/\" title=\"Studierendeninitiativen\">[&#8230;]<\/a><\/p>\n<\/div>","protected":false},"author":10,"featured_media":0,"parent":2567,"menu_order":3,"comment_status":"closed","ping_status":"closed","template":"","meta":{"footnotes":""},"_links":{"self":[{"href":"https:\/\/ethik-der-textkulturen.de\/etk\/wp-json\/wp\/v2\/pages\/2710"}],"collection":[{"href":"https:\/\/ethik-der-textkulturen.de\/etk\/wp-json\/wp\/v2\/pages"}],"about":[{"href":"https:\/\/ethik-der-textkulturen.de\/etk\/wp-json\/wp\/v2\/types\/page"}],"author":[{"embeddable":true,"href":"https:\/\/ethik-der-textkulturen.de\/etk\/wp-json\/wp\/v2\/users\/10"}],"replies":[{"embeddable":true,"href":"https:\/\/ethik-der-textkulturen.de\/etk\/wp-json\/wp\/v2\/comments?post=2710"}],"version-history":[{"count":9,"href":"https:\/\/ethik-der-textkulturen.de\/etk\/wp-json\/wp\/v2\/pages\/2710\/revisions"}],"predecessor-version":[{"id":4183,"href":"https:\/\/ethik-der-textkulturen.de\/etk\/wp-json\/wp\/v2\/pages\/2710\/revisions\/4183"}],"up":[{"embeddable":true,"href":"https:\/\/ethik-der-textkulturen.de\/etk\/wp-json\/wp\/v2\/pages\/2567"}],"wp:attachment":[{"href":"https:\/\/ethik-der-textkulturen.de\/etk\/wp-json\/wp\/v2\/media?parent=2710"}],"curies":[{"name":"wp","href":"https:\/\/api.w.org\/{rel}","templated":true}]}}