{"id":2683,"date":"2020-02-27T20:25:07","date_gmt":"2020-02-27T18:25:07","guid":{"rendered":"https:\/\/kokoromi.philhist.uni-augsburg.de\/ethik-der-textkulturen.de\/?page_id=2683"},"modified":"2020-04-09T18:11:31","modified_gmt":"2020-04-09T16:11:31","slug":"prof-dr-juergen-van-oorschot","status":"publish","type":"page","link":"https:\/\/ethik-der-textkulturen.de\/etk\/ueber-uns\/mitarbeiterinnen\/prof-dr-juergen-van-oorschot\/","title":{"rendered":"Prof. Dr. J\u00fcrgen van Oorschot"},"content":{"rendered":"\n<p>Lehrstuhl f\u00fcr Altes Testament II<br>\nFriedrich-Alexander-Universit\u00e4t-Erlangen-N\u00fcrnberg<\/p>\n\n\n\n<p>E-Mail: <a rel=\"noreferrer noopener\" href=\"mailto:juergen@vanoorschot.de\" target=\"_blank\">juergen@vanoorschot.de<\/a><br> T +49 9131 85 22206<br> F +49 9131 85 22140<br> Zimmer: 0.008 (Erlangen)<br> Sprechzeit: Montag 11.00 \u2013 12.00 Uhr mit Bitte um vorherige Anmeldung<\/p>\n\n\n\n<p><a href=\"https:\/\/www.theologie.fau.de\/institut-at-landing\/lehrstuhl-fuer-altes-testament-ii-theologie\/prof-dr-juergen-van-oorschot\/\" target=\"_blank\" rel=\"noreferrer noopener\">Website<\/a><\/p>\n","protected":false},"excerpt":{"rendered":"<div class=\"mh-excerpt\"><p>Lehrstuhl f\u00fcr Altes Testament II Friedrich-Alexander-Universit\u00e4t-Erlangen-N\u00fcrnberg E-Mail: juergen@vanoorschot.de T +49 9131 85 22206 F +49 9131 85 22140 Zimmer: 0.008 (Erlangen) Sprechzeit: Montag 11.00 \u2013 <a class=\"mh-excerpt-more\" href=\"https:\/\/ethik-der-textkulturen.de\/etk\/ueber-uns\/mitarbeiterinnen\/prof-dr-juergen-van-oorschot\/\" title=\"Prof. Dr. J\u00fcrgen van Oorschot\">[&#8230;]<\/a><\/p>\n<\/div>","protected":false},"author":10,"featured_media":0,"parent":2619,"menu_order":0,"comment_status":"closed","ping_status":"closed","template":"","meta":{"footnotes":""},"_links":{"self":[{"href":"https:\/\/ethik-der-textkulturen.de\/etk\/wp-json\/wp\/v2\/pages\/2683"}],"collection":[{"href":"https:\/\/ethik-der-textkulturen.de\/etk\/wp-json\/wp\/v2\/pages"}],"about":[{"href":"https:\/\/ethik-der-textkulturen.de\/etk\/wp-json\/wp\/v2\/types\/page"}],"author":[{"embeddable":true,"href":"https:\/\/ethik-der-textkulturen.de\/etk\/wp-json\/wp\/v2\/users\/10"}],"replies":[{"embeddable":true,"href":"https:\/\/ethik-der-textkulturen.de\/etk\/wp-json\/wp\/v2\/comments?post=2683"}],"version-history":[{"count":2,"href":"https:\/\/ethik-der-textkulturen.de\/etk\/wp-json\/wp\/v2\/pages\/2683\/revisions"}],"predecessor-version":[{"id":3044,"href":"https:\/\/ethik-der-textkulturen.de\/etk\/wp-json\/wp\/v2\/pages\/2683\/revisions\/3044"}],"up":[{"embeddable":true,"href":"https:\/\/ethik-der-textkulturen.de\/etk\/wp-json\/wp\/v2\/pages\/2619"}],"wp:attachment":[{"href":"https:\/\/ethik-der-textkulturen.de\/etk\/wp-json\/wp\/v2\/media?parent=2683"}],"curies":[{"name":"wp","href":"https:\/\/api.w.org\/{rel}","templated":true}]}}