{"id":2676,"date":"2020-02-27T20:23:05","date_gmt":"2020-02-27T18:23:05","guid":{"rendered":"https:\/\/kokoromi.philhist.uni-augsburg.de\/ethik-der-textkulturen.de\/?page_id=2676"},"modified":"2020-04-10T10:21:56","modified_gmt":"2020-04-10T08:21:56","slug":"prof-dr-erasmus-mayr","status":"publish","type":"page","link":"https:\/\/ethik-der-textkulturen.de\/etk\/ueber-uns\/mitarbeiterinnen\/prof-dr-erasmus-mayr\/","title":{"rendered":"Prof. Dr. Erasmus Mayr"},"content":{"rendered":"\n<div class=\"wp-block-image\"><figure class=\"alignright size-large is-resized\"><img loading=\"lazy\" decoding=\"async\" src=\"https:\/\/www.philosophie.phil.uni-erlangen.de\/img\/profilbilder\/mayr.jpg\" alt=\"\" width=\"147\" height=\"196\"\/><\/figure><\/div>\n\n\n\n<p>Lehrstuhl f\u00fcr Praktische Philosophie (Friedrich-Alexander-Universit\u00e4t Erlangen-N\u00fcrnberg)<\/p>\n\n\n\n<p>E-Mail: <a href=\"mailto:Bettina.Lindner@ger.phil.uni-erlangen.de\" target=\"_blank\" rel=\"noreferrer noopener\">erasmus.mayr@fau.de<\/a><\/p>\n\n\n\n<p>(Ferien-) Sprechstunde im Semester: nach Anmeldung per Mail<\/p>\n\n\n\n<p>Tel. +49 (0) 9131 85-29345<br>\nFax: +49 (0) 9131 85-24035<\/p>\n\n\n\n<p>Sprechzeit: nach Vereinbarung<\/p>\n\n\n\n<p><a rel=\"noreferrer noopener\" href=\"https:\/\/www.philosophie.phil.uni-erlangen.de\/lehrstuehle\/lehrstuhl-III\/mayr.shtml\" target=\"_blank\">Website<\/a><\/p>\n\n\n\n<p><\/p>\n","protected":false},"excerpt":{"rendered":"<div class=\"mh-excerpt\"><p>Lehrstuhl f\u00fcr Praktische Philosophie (Friedrich-Alexander-Universit\u00e4t Erlangen-N\u00fcrnberg) E-Mail: erasmus.mayr@fau.de (Ferien-) Sprechstunde im Semester: nach Anmeldung per Mail Tel. +49 (0) 9131 85-29345 Fax: +49 (0) 9131 <a class=\"mh-excerpt-more\" href=\"https:\/\/ethik-der-textkulturen.de\/etk\/ueber-uns\/mitarbeiterinnen\/prof-dr-erasmus-mayr\/\" title=\"Prof. Dr. Erasmus Mayr\">[&#8230;]<\/a><\/p>\n<\/div>","protected":false},"author":10,"featured_media":0,"parent":2619,"menu_order":0,"comment_status":"closed","ping_status":"closed","template":"","meta":{"footnotes":""},"_links":{"self":[{"href":"https:\/\/ethik-der-textkulturen.de\/etk\/wp-json\/wp\/v2\/pages\/2676"}],"collection":[{"href":"https:\/\/ethik-der-textkulturen.de\/etk\/wp-json\/wp\/v2\/pages"}],"about":[{"href":"https:\/\/ethik-der-textkulturen.de\/etk\/wp-json\/wp\/v2\/types\/page"}],"author":[{"embeddable":true,"href":"https:\/\/ethik-der-textkulturen.de\/etk\/wp-json\/wp\/v2\/users\/10"}],"replies":[{"embeddable":true,"href":"https:\/\/ethik-der-textkulturen.de\/etk\/wp-json\/wp\/v2\/comments?post=2676"}],"version-history":[{"count":4,"href":"https:\/\/ethik-der-textkulturen.de\/etk\/wp-json\/wp\/v2\/pages\/2676\/revisions"}],"predecessor-version":[{"id":3088,"href":"https:\/\/ethik-der-textkulturen.de\/etk\/wp-json\/wp\/v2\/pages\/2676\/revisions\/3088"}],"up":[{"embeddable":true,"href":"https:\/\/ethik-der-textkulturen.de\/etk\/wp-json\/wp\/v2\/pages\/2619"}],"wp:attachment":[{"href":"https:\/\/ethik-der-textkulturen.de\/etk\/wp-json\/wp\/v2\/media?parent=2676"}],"curies":[{"name":"wp","href":"https:\/\/api.w.org\/{rel}","templated":true}]}}