{"id":2671,"date":"2020-02-27T20:20:30","date_gmt":"2020-02-27T18:20:30","guid":{"rendered":"https:\/\/kokoromi.philhist.uni-augsburg.de\/ethik-der-textkulturen.de\/?page_id=2671"},"modified":"2020-06-23T11:19:06","modified_gmt":"2020-06-23T09:19:06","slug":"prof-dr-christine-lubkoll","status":"publish","type":"page","link":"https:\/\/ethik-der-textkulturen.de\/etk\/ueber-uns\/mitarbeiterinnen\/prof-dr-christine-lubkoll\/","title":{"rendered":"Prof. Dr. Christine Lubkoll"},"content":{"rendered":"\n<div class=\"wp-block-image\"><figure class=\"alignright size-large is-resized\"><img loading=\"lazy\" decoding=\"async\" src=\"https:\/\/ethik-der-textkulturen.de\/etk\/wp-content\/uploads\/2020\/06\/Lubkoll.jpg\" alt=\"\" class=\"wp-image-3192\" width=\"266\" height=\"177\" srcset=\"https:\/\/ethik-der-textkulturen.de\/etk\/wp-content\/uploads\/2020\/06\/Lubkoll.jpg 500w, https:\/\/ethik-der-textkulturen.de\/etk\/wp-content\/uploads\/2020\/06\/Lubkoll-370x246.jpg 370w, https:\/\/ethik-der-textkulturen.de\/etk\/wp-content\/uploads\/2020\/06\/Lubkoll-175x117.jpg 175w\" sizes=\"(max-width: 266px) 100vw, 266px\" \/><\/figure><\/div>\n\n\n\n<p>Lehrstuhl f\u00fcr Neuere Deutsche Literaturgeschichte (Friedrich-Alexander-Universit\u00e4t Erlangen-N\u00fcrnberg)<\/p>\n\n\n\n<p>E-Mail:&nbsp;<a href=\"mailto:christine.lubkoll@fau.de\">christine.lubkoll@fau.de<\/a><br> T +49 9131 85 \u2013 22421<br> F +49 9131 85 \u2013 22056<br> Sprechzeit: nach Vereinbarung<br> Link:&nbsp;<a rel=\"noreferrer noopener\" href=\"http:\/\/www.ndl.germanistik.phil.uni-erlangen.de\/\" target=\"_blank\">Lehrstuhl f\u00fcr Neuere Deutsche Literaturgeschichte (Friedrich-Alexander-Universit\u00e4t Erlangen-N\u00fcrnberg)<\/a><\/p>\n\n\n\n<p>Sprecherin des Studiengangs<\/p>\n\n\n\n<p><a href=\"https:\/\/www.germanistik.phil.fau.de\/person\/lubkoll-christine\/\" target=\"_blank\" rel=\"noreferrer noopener\">Website<\/a><br><\/p>\n","protected":false},"excerpt":{"rendered":"<div class=\"mh-excerpt\"><p>Lehrstuhl f\u00fcr Neuere Deutsche Literaturgeschichte (Friedrich-Alexander-Universit\u00e4t Erlangen-N\u00fcrnberg) E-Mail:&nbsp;christine.lubkoll@fau.de T +49 9131 85 \u2013 22421 F +49 9131 85 \u2013 22056 Sprechzeit: nach Vereinbarung Link:&nbsp;Lehrstuhl f\u00fcr <a class=\"mh-excerpt-more\" href=\"https:\/\/ethik-der-textkulturen.de\/etk\/ueber-uns\/mitarbeiterinnen\/prof-dr-christine-lubkoll\/\" title=\"Prof. Dr. Christine Lubkoll\">[&#8230;]<\/a><\/p>\n<\/div>","protected":false},"author":10,"featured_media":0,"parent":2619,"menu_order":0,"comment_status":"closed","ping_status":"closed","template":"","meta":{"footnotes":""},"_links":{"self":[{"href":"https:\/\/ethik-der-textkulturen.de\/etk\/wp-json\/wp\/v2\/pages\/2671"}],"collection":[{"href":"https:\/\/ethik-der-textkulturen.de\/etk\/wp-json\/wp\/v2\/pages"}],"about":[{"href":"https:\/\/ethik-der-textkulturen.de\/etk\/wp-json\/wp\/v2\/types\/page"}],"author":[{"embeddable":true,"href":"https:\/\/ethik-der-textkulturen.de\/etk\/wp-json\/wp\/v2\/users\/10"}],"replies":[{"embeddable":true,"href":"https:\/\/ethik-der-textkulturen.de\/etk\/wp-json\/wp\/v2\/comments?post=2671"}],"version-history":[{"count":6,"href":"https:\/\/ethik-der-textkulturen.de\/etk\/wp-json\/wp\/v2\/pages\/2671\/revisions"}],"predecessor-version":[{"id":3193,"href":"https:\/\/ethik-der-textkulturen.de\/etk\/wp-json\/wp\/v2\/pages\/2671\/revisions\/3193"}],"up":[{"embeddable":true,"href":"https:\/\/ethik-der-textkulturen.de\/etk\/wp-json\/wp\/v2\/pages\/2619"}],"wp:attachment":[{"href":"https:\/\/ethik-der-textkulturen.de\/etk\/wp-json\/wp\/v2\/media?parent=2671"}],"curies":[{"name":"wp","href":"https:\/\/api.w.org\/{rel}","templated":true}]}}