{"id":2668,"date":"2020-02-27T20:19:01","date_gmt":"2020-02-27T18:19:01","guid":{"rendered":"https:\/\/kokoromi.philhist.uni-augsburg.de\/ethik-der-textkulturen.de\/?page_id=2668"},"modified":"2023-03-21T20:14:03","modified_gmt":"2023-03-21T18:14:03","slug":"dr-eva-forrester-geb-knoeferl","status":"publish","type":"page","link":"https:\/\/ethik-der-textkulturen.de\/etk\/ueber-uns\/mitarbeiterinnen\/dr-eva-forrester-geb-knoeferl\/","title":{"rendered":"Dr. Eva Forrester (geb. Kn\u00f6ferl)"},"content":{"rendered":"\n<div class=\"wp-block-media-text alignwide has-media-on-the-right is-stacked-on-mobile\"><figure class=\"wp-block-media-text__media\"><img loading=\"lazy\" decoding=\"async\" width=\"750\" height=\"744\" src=\"https:\/\/ethik-der-textkulturen.de\/etk\/wp-content\/uploads\/2023\/03\/Eva-Forrester-750x744.jpg\" alt=\"\" class=\"wp-image-4276 size-full\" srcset=\"https:\/\/ethik-der-textkulturen.de\/etk\/wp-content\/uploads\/2023\/03\/Eva-Forrester-750x744.jpg 750w, https:\/\/ethik-der-textkulturen.de\/etk\/wp-content\/uploads\/2023\/03\/Eva-Forrester-370x367.jpg 370w, https:\/\/ethik-der-textkulturen.de\/etk\/wp-content\/uploads\/2023\/03\/Eva-Forrester-175x175.jpg 175w, https:\/\/ethik-der-textkulturen.de\/etk\/wp-content\/uploads\/2023\/03\/Eva-Forrester-768x762.jpg 768w, https:\/\/ethik-der-textkulturen.de\/etk\/wp-content\/uploads\/2023\/03\/Eva-Forrester-1536x1524.jpg 1536w, https:\/\/ethik-der-textkulturen.de\/etk\/wp-content\/uploads\/2023\/03\/Eva-Forrester-2048x2032.jpg 2048w\" sizes=\"(max-width: 750px) 100vw, 750px\" \/><\/figure><div class=\"wp-block-media-text__content\">\n<p>Lehrstuhl f\u00fcr Neuere deutsche Literatur mit historischem Schwerpunkt<br> Friedrich-Alexander-Universit\u00e4t Erlangen-N\u00fcrnberg<\/p>\n\n\n\n<p>E-Mail: <a rel=\"noreferrer noopener\" href=\"mailto:eva.forrester@fau.de\" target=\"_blank\">eva.forrester@fau.de<\/a><br> T +49 9131 85-22425<br> Zimmer: B 402 (Erlangen)<br> Sprechzeit: Di 14:00\u201316:00, Anmeldung erw\u00fcnscht per E-Mail<\/p>\n\n\n\n<p><a rel=\"noreferrer noopener\" href=\"https:\/\/www.germanistik.phil.fau.de\/person\/eva-knoeferl\/\" target=\"_blank\">Website<\/a><\/p>\n<\/div><\/div>\n","protected":false},"excerpt":{"rendered":"<div class=\"mh-excerpt\"><p>Lehrstuhl f\u00fcr Neuere deutsche Literatur mit historischem Schwerpunkt Friedrich-Alexander-Universit\u00e4t Erlangen-N\u00fcrnberg E-Mail: eva.forrester@fau.de T +49 9131 85-22425 Zimmer: B 402 (Erlangen) Sprechzeit: Di 14:00\u201316:00, Anmeldung erw\u00fcnscht <a class=\"mh-excerpt-more\" href=\"https:\/\/ethik-der-textkulturen.de\/etk\/ueber-uns\/mitarbeiterinnen\/dr-eva-forrester-geb-knoeferl\/\" title=\"Dr. Eva Forrester (geb. Kn\u00f6ferl)\">[&#8230;]<\/a><\/p>\n<\/div>","protected":false},"author":10,"featured_media":0,"parent":2619,"menu_order":0,"comment_status":"closed","ping_status":"closed","template":"","meta":{"footnotes":""},"_links":{"self":[{"href":"https:\/\/ethik-der-textkulturen.de\/etk\/wp-json\/wp\/v2\/pages\/2668"}],"collection":[{"href":"https:\/\/ethik-der-textkulturen.de\/etk\/wp-json\/wp\/v2\/pages"}],"about":[{"href":"https:\/\/ethik-der-textkulturen.de\/etk\/wp-json\/wp\/v2\/types\/page"}],"author":[{"embeddable":true,"href":"https:\/\/ethik-der-textkulturen.de\/etk\/wp-json\/wp\/v2\/users\/10"}],"replies":[{"embeddable":true,"href":"https:\/\/ethik-der-textkulturen.de\/etk\/wp-json\/wp\/v2\/comments?post=2668"}],"version-history":[{"count":7,"href":"https:\/\/ethik-der-textkulturen.de\/etk\/wp-json\/wp\/v2\/pages\/2668\/revisions"}],"predecessor-version":[{"id":4280,"href":"https:\/\/ethik-der-textkulturen.de\/etk\/wp-json\/wp\/v2\/pages\/2668\/revisions\/4280"}],"up":[{"embeddable":true,"href":"https:\/\/ethik-der-textkulturen.de\/etk\/wp-json\/wp\/v2\/pages\/2619"}],"wp:attachment":[{"href":"https:\/\/ethik-der-textkulturen.de\/etk\/wp-json\/wp\/v2\/media?parent=2668"}],"curies":[{"name":"wp","href":"https:\/\/api.w.org\/{rel}","templated":true}]}}