{"id":2664,"date":"2020-02-27T20:15:39","date_gmt":"2020-02-27T18:15:39","guid":{"rendered":"https:\/\/kokoromi.philhist.uni-augsburg.de\/ethik-der-textkulturen.de\/?page_id=2664"},"modified":"2020-04-10T10:17:54","modified_gmt":"2020-04-10T08:17:54","slug":"prof-dr-mechthild-habermann","status":"publish","type":"page","link":"https:\/\/ethik-der-textkulturen.de\/etk\/ueber-uns\/mitarbeiterinnen\/prof-dr-mechthild-habermann\/","title":{"rendered":"Prof. Dr. Mechthild Habermann"},"content":{"rendered":"\n<div class=\"wp-block-image\"><figure class=\"alignright size-large is-resized\"><img loading=\"lazy\" decoding=\"async\" src=\"https:\/\/www.germanistik.phil.fau.de\/files\/2017\/04\/habermann01-200x300.jpg\" alt=\"\" width=\"153\" height=\"230\"\/><\/figure><\/div>\n\n\n\n<p>Lehrstuhl f\u00fcr Germanistische Sprachwissenschaft (Friedrich-Alexander-Universit\u00e4t Erlangen-N\u00fcrnberg)<\/p>\n\n\n\n<p>E-Mail: <a href=\"mailto:mechthild.habermann@fau.de\">mechthild.habermann@fau.de<\/a><br> T +49 9131 85 \u2013 29353<br> F +49 9131 85 \u2013 22124<br> Zimmer: B3A6 (Erlangen)<br> Sprechzeit: nach Vereinbarung<\/p>\n\n\n\n<p><a href=\"https:\/\/www.germanistik.phil.fau.de\/person\/habermann-mechthild\/\" target=\"_blank\" rel=\"noreferrer noopener\">Website<\/a><br><\/p>\n","protected":false},"excerpt":{"rendered":"<div class=\"mh-excerpt\"><p>Lehrstuhl f\u00fcr Germanistische Sprachwissenschaft (Friedrich-Alexander-Universit\u00e4t Erlangen-N\u00fcrnberg) E-Mail: mechthild.habermann@fau.de T +49 9131 85 \u2013 29353 F +49 9131 85 \u2013 22124 Zimmer: B3A6 (Erlangen) Sprechzeit: nach <a class=\"mh-excerpt-more\" href=\"https:\/\/ethik-der-textkulturen.de\/etk\/ueber-uns\/mitarbeiterinnen\/prof-dr-mechthild-habermann\/\" title=\"Prof. Dr. Mechthild Habermann\">[&#8230;]<\/a><\/p>\n<\/div>","protected":false},"author":10,"featured_media":0,"parent":2619,"menu_order":0,"comment_status":"closed","ping_status":"closed","template":"","meta":{"footnotes":""},"_links":{"self":[{"href":"https:\/\/ethik-der-textkulturen.de\/etk\/wp-json\/wp\/v2\/pages\/2664"}],"collection":[{"href":"https:\/\/ethik-der-textkulturen.de\/etk\/wp-json\/wp\/v2\/pages"}],"about":[{"href":"https:\/\/ethik-der-textkulturen.de\/etk\/wp-json\/wp\/v2\/types\/page"}],"author":[{"embeddable":true,"href":"https:\/\/ethik-der-textkulturen.de\/etk\/wp-json\/wp\/v2\/users\/10"}],"replies":[{"embeddable":true,"href":"https:\/\/ethik-der-textkulturen.de\/etk\/wp-json\/wp\/v2\/comments?post=2664"}],"version-history":[{"count":3,"href":"https:\/\/ethik-der-textkulturen.de\/etk\/wp-json\/wp\/v2\/pages\/2664\/revisions"}],"predecessor-version":[{"id":3082,"href":"https:\/\/ethik-der-textkulturen.de\/etk\/wp-json\/wp\/v2\/pages\/2664\/revisions\/3082"}],"up":[{"embeddable":true,"href":"https:\/\/ethik-der-textkulturen.de\/etk\/wp-json\/wp\/v2\/pages\/2619"}],"wp:attachment":[{"href":"https:\/\/ethik-der-textkulturen.de\/etk\/wp-json\/wp\/v2\/media?parent=2664"}],"curies":[{"name":"wp","href":"https:\/\/api.w.org\/{rel}","templated":true}]}}