{"id":2647,"date":"2020-02-26T23:22:43","date_gmt":"2020-02-26T21:22:43","guid":{"rendered":"https:\/\/kokoromi.philhist.uni-augsburg.de\/ethik-der-textkulturen.de\/?page_id=2647"},"modified":"2023-09-05T09:36:08","modified_gmt":"2023-09-05T07:36:08","slug":"promotion","status":"publish","type":"page","link":"https:\/\/ethik-der-textkulturen.de\/etk\/forschung-lehre\/promotion\/","title":{"rendered":"Promotion"},"content":{"rendered":"\n<p>Der Studiengang beteiligt sich an der <a href=\"https:\/\/www.uni-augsburg.de\/de\/forschung\/foerderung\/graduiertenprogramme\/ggs\/\">Graduiertenschule f\u00fcr Geistes- und Sozialwissenschaften (GGS)<\/a> der Universit\u00e4t <strong>Augsburg<\/strong>. Eine ausf\u00fchrliche Beschreibung und weitere Informationen zur Struktur des Promotionsprogramms \u201cWertebildung in pluralistischen Gesellschaften. Perspektiven der Ethik, \u00c4sthetik und Politik\u201c finden Sie <a href=\"https:\/\/assets.uni-augsburg.de\/media\/filer_public\/1a\/af\/1aafb46c-efa2-4497-bceb-a5ddb1bdc342\/promotionsprogramm_wertebildung_im_pluralismus1572.pdf\">hier<\/a>.<\/p>\n\n\n\n<p>In <strong>Erlangen<\/strong> ist die Promotion in allen am Studiengang beteiligten F\u00e4chern m\u00f6glich. Dar\u00fcber hinaus werden an der Philosophischen Fakult\u00e4t folgende <a rel=\"noreferrer noopener\" href=\"https:\/\/www.phil.fau.de\/forschung\/wissenschaftlicher-nachwuchs\/#collapse_0\" target=\"_blank\">strukturierte Promotionsprogramme<\/a> angeboten.<\/p>\n","protected":false},"excerpt":{"rendered":"<div class=\"mh-excerpt\"><p>Der Studiengang beteiligt sich an der Graduiertenschule f\u00fcr Geistes- und Sozialwissenschaften (GGS) der Universit\u00e4t Augsburg. Eine ausf\u00fchrliche Beschreibung und weitere Informationen zur Struktur des Promotionsprogramms <a class=\"mh-excerpt-more\" href=\"https:\/\/ethik-der-textkulturen.de\/etk\/forschung-lehre\/promotion\/\" title=\"Promotion\">[&#8230;]<\/a><\/p>\n<\/div>","protected":false},"author":10,"featured_media":0,"parent":2570,"menu_order":4,"comment_status":"closed","ping_status":"closed","template":"","meta":{"footnotes":""},"_links":{"self":[{"href":"https:\/\/ethik-der-textkulturen.de\/etk\/wp-json\/wp\/v2\/pages\/2647"}],"collection":[{"href":"https:\/\/ethik-der-textkulturen.de\/etk\/wp-json\/wp\/v2\/pages"}],"about":[{"href":"https:\/\/ethik-der-textkulturen.de\/etk\/wp-json\/wp\/v2\/types\/page"}],"author":[{"embeddable":true,"href":"https:\/\/ethik-der-textkulturen.de\/etk\/wp-json\/wp\/v2\/users\/10"}],"replies":[{"embeddable":true,"href":"https:\/\/ethik-der-textkulturen.de\/etk\/wp-json\/wp\/v2\/comments?post=2647"}],"version-history":[{"count":11,"href":"https:\/\/ethik-der-textkulturen.de\/etk\/wp-json\/wp\/v2\/pages\/2647\/revisions"}],"predecessor-version":[{"id":4371,"href":"https:\/\/ethik-der-textkulturen.de\/etk\/wp-json\/wp\/v2\/pages\/2647\/revisions\/4371"}],"up":[{"embeddable":true,"href":"https:\/\/ethik-der-textkulturen.de\/etk\/wp-json\/wp\/v2\/pages\/2570"}],"wp:attachment":[{"href":"https:\/\/ethik-der-textkulturen.de\/etk\/wp-json\/wp\/v2\/media?parent=2647"}],"curies":[{"name":"wp","href":"https:\/\/api.w.org\/{rel}","templated":true}]}}