{"id":2645,"date":"2020-02-26T22:30:24","date_gmt":"2020-02-26T20:30:24","guid":{"rendered":"https:\/\/kokoromi.philhist.uni-augsburg.de\/ethik-der-textkulturen.de\/?page_id=2645"},"modified":"2022-12-07T12:36:47","modified_gmt":"2022-12-07T10:36:47","slug":"nachwuchsforschergruppe","status":"publish","type":"page","link":"https:\/\/ethik-der-textkulturen.de\/etk\/forschung-lehre\/nachwuchsforschergruppe\/","title":{"rendered":"Nachwuchsforschergruppe"},"content":{"rendered":"\n<h3 class=\"has-vivid-cyan-blue-color has-text-color wp-block-heading\"><strong>Nachwuchsforschergruppe \u201eFlexible Schreiber in der Sprachgeschichte\u201c <\/strong><\/h3>\n\n\n\n<h4 class=\"wp-block-heading\"><strong>(Leitung: Dr. Markus Schiegg)<\/strong><\/h4>\n\n\n\n<p>Wir variieren st\u00e4ndig bei der Verwendung von Sprache. Dabei passen wir uns unterschiedlichen Situationen und Gespr\u00e4chspartnern an, setzen Sprache gezielt ein, um bestimmte Emotionen und auch Handlungen zu evozieren, ver\u00e4ndern \u2013 bewusst oder unbewusst \u2013 Wortschatz und Grammatik je nach aktueller Stimmung, und zudem wandelt sich auch unser Sprachgebrauch im Laufe der Jahre. Die Nachwuchsforschergruppe \u00fcbertr\u00e4gt die Beobachtungen der modernen Soziolinguistik zur internen sprachlichen Variabilit\u00e4t in die Sprachgeschichte und stellt sich die Frage, ob auch historische Schreiberinnen und Schreiber sprachliche Flexibilit\u00e4t zeigten. Inwiefern passten sich diese also den erforderlichen schriftsprachlichen Normen unterschiedlicher Textsorten und Verschriftungssituationen an? Waren sie sich dieser Anpassungen bewusst und dar\u00fcber hinaus auch in der Lage, aktiv ihre Sprachwahl zu steuern? Fokus soll hierbei weniger auf privilegierten und h\u00f6her gebildeten Personen liegen denn auf dem Gro\u00dfteil der Bev\u00f6lkerung, also \u201aeinfachen Schreibern\u2018 mit geringerer Schulbildung und b\u00e4uerlichen sowie handwerklichen Berufen.<\/p>\n\n\n\n<p>Als Datengrundlage dienen haupts\u00e4chlich Briefe und weitere pers\u00f6nliche Dokumente von ehemaligen Patientinnen und Patienten psychiatrischer Anstalten des 19. und fr\u00fchen 20. Jahrhunderts. In diesen Institutionen, die im Zuge der Institutionalisierung der Psychiatrie im 19. Jahrhundert in gro\u00dfer Anzahl in den deutschen L\u00e4ndern entstanden sind, herrschte die Praxis, bestimmte Briefe nicht abzuschicken, sondern den Patientenakten beizulegen, wo diese seitdem meist unbeachtet schlummern. Im Forschungsprojekt widmen wir uns diesen Briefen aus interdisziplin\u00e4rer Perspektive und erstellen zun\u00e4chst ein elektronisches und frei zug\u00e4ngliches Briefkorpus mit Material aus S\u00fcddeutschland (psychiatrische Anstalt Irsee\/Kaufbeuren), Norddeutschland und Gro\u00dfbritannien (siehe <a href=\"http:\/\/copadocs.de\">http:\/\/copadocs.de<\/a>). Dieses untersuchen wir anschlie\u00dfend hinsichtlich der Hypothese, dass auch \u201aeinfache Schreiber\u2018 sich bewusst f\u00fcr den Einsatz unterschiedlicher sprachlicher Register und damit auch unterschiedlicher (B\u00fcndel von) Varianten entscheiden konnten.<\/p>\n\n\n\n<p>Das Forschungsprojekt entwickelt dabei Methoden zur Kombination funktionaler mit strukturellen Herangehensweisen an sprachliche Variation und schlie\u00dft an eine integrative Theoriebildung in der Variationsforschung an. Die Spezifik dieses Korpus erlaubt es dar\u00fcber hinaus, den Einfluss von Alter und\/oder Krankheiten auf den Sprachgebrauch zu analysieren, und leistet dabei Pionierarbeit im Bereich einer Historischen Patholinguistik. Ethische Relevanz erh\u00e4lt das Projekt durch die Untersuchung von Textbewertungen, der Zensurpraxis und der Legitimation von Wissen und Macht \u2013 schlie\u00dflich ergreifen die Patienten mit ihren Erfahrungen im psychiatrischen Kontext nun selbst das Wort, welches ihnen damals verwehrt wurde. Die Nachwuchsforschergruppe (Laufzeit: 2017\u20132022) besteht aus dem Gruppenleiter sowie sechs Doktoranden, ist angesiedelt an der FAU Erlangen und integriert in den Elitestudiengang \u201eEthik der Textkulturen\u201c der Universit\u00e4ten Erlangen und Augsburg.<\/p>\n\n\n\n<h3 class=\"wp-block-heading\">Kontakt:<\/h3>\n\n\n\n<p>Dr. Markus Schiegg<\/p>\n\n\n\n<p>FAU Erlangen<br>Lehrstuhl f\u00fcr Germanistische Sprachwissenschaft<br>Bismarckstra\u00dfe 1B<br>91054 Erlangen<\/p>\n\n\n\n<p><a href=\"mailto:markus.schiegg@fau.de\">markus.schiegg@fau.de<\/a><\/p>\n\n\n\n<p>Weitere Informationen: <a href=\"http:\/\/www.copadocs.de\/\">http:\/\/www.copadocs.de\/<\/a><\/p>\n","protected":false},"excerpt":{"rendered":"<div class=\"mh-excerpt\"><p>Nachwuchsforschergruppe \u201eFlexible Schreiber in der Sprachgeschichte\u201c (Leitung: Dr. Markus Schiegg) Wir variieren st\u00e4ndig bei der Verwendung von Sprache. Dabei passen wir uns unterschiedlichen Situationen und <a class=\"mh-excerpt-more\" href=\"https:\/\/ethik-der-textkulturen.de\/etk\/forschung-lehre\/nachwuchsforschergruppe\/\" title=\"Nachwuchsforschergruppe\">[&#8230;]<\/a><\/p>\n<\/div>","protected":false},"author":10,"featured_media":0,"parent":2570,"menu_order":3,"comment_status":"closed","ping_status":"closed","template":"","meta":{"footnotes":""},"_links":{"self":[{"href":"https:\/\/ethik-der-textkulturen.de\/etk\/wp-json\/wp\/v2\/pages\/2645"}],"collection":[{"href":"https:\/\/ethik-der-textkulturen.de\/etk\/wp-json\/wp\/v2\/pages"}],"about":[{"href":"https:\/\/ethik-der-textkulturen.de\/etk\/wp-json\/wp\/v2\/types\/page"}],"author":[{"embeddable":true,"href":"https:\/\/ethik-der-textkulturen.de\/etk\/wp-json\/wp\/v2\/users\/10"}],"replies":[{"embeddable":true,"href":"https:\/\/ethik-der-textkulturen.de\/etk\/wp-json\/wp\/v2\/comments?post=2645"}],"version-history":[{"count":3,"href":"https:\/\/ethik-der-textkulturen.de\/etk\/wp-json\/wp\/v2\/pages\/2645\/revisions"}],"predecessor-version":[{"id":4184,"href":"https:\/\/ethik-der-textkulturen.de\/etk\/wp-json\/wp\/v2\/pages\/2645\/revisions\/4184"}],"up":[{"embeddable":true,"href":"https:\/\/ethik-der-textkulturen.de\/etk\/wp-json\/wp\/v2\/pages\/2570"}],"wp:attachment":[{"href":"https:\/\/ethik-der-textkulturen.de\/etk\/wp-json\/wp\/v2\/media?parent=2645"}],"curies":[{"name":"wp","href":"https:\/\/api.w.org\/{rel}","templated":true}]}}