{"id":2643,"date":"2020-02-26T22:29:56","date_gmt":"2020-02-26T20:29:56","guid":{"rendered":"https:\/\/kokoromi.philhist.uni-augsburg.de\/ethik-der-textkulturen.de\/?page_id=2643"},"modified":"2023-02-27T12:51:32","modified_gmt":"2023-02-27T10:51:32","slug":"tagungen","status":"publish","type":"page","link":"https:\/\/ethik-der-textkulturen.de\/etk\/forschung-lehre\/tagungen\/","title":{"rendered":"Tagungen"},"content":{"rendered":"\n<ul><li><strong>WiSe 2022\/23, Erlangen<\/strong>: <a href=\"https:\/\/ethik-der-textkulturen.de\/etk\/tagung-ab-morgen-digital-zum-diskurs-der-digitalisierung-31-03-01-04-2023\/\" data-type=\"post\" data-id=\"4255\">&#8222;ab morgen digital! Zum Diskurs der Digitalisierung&#8220;<\/a> <br>studentisch organisierte Tagung<\/li><li><strong>SoSe 2020\/WiSe 2021\/22, Erlangen:<\/strong> <a rel=\"noreferrer noopener\" href=\"https:\/\/ethik-der-textkulturen.de\/etk\/cfp-tagung-von-zeit-zu-zeit-polyperspektivische-konzepte-von-temporalitaet\/\" target=\"_blank\">\u201eVon Zeit zu Zeit \u2013 Polyperspektivische Konzepte von Temporalit\u00e4t\u201c<\/a><br>studentisch organisierte Tagung<\/li><li><strong>WiSe 2019\/20, Erlangen:<\/strong> <a rel=\"noreferrer noopener\" href=\"https:\/\/ethik-der-textkulturen.de\/etk\/7-9-11-2019-erlangen-dokufiktionales-erzaehlen-tagung\/\" target=\"_blank\">&#8222;An den Schnittstellen von Fakt und Fiktion. Formen und Funktionen dokufiktionalen Erz\u00e4hlens in der Gegenwart&#8220;<\/a><\/li><li><strong>SoSe 2019, Erlangen:<\/strong> <a rel=\"noreferrer noopener\" href=\"https:\/\/ethik-der-textkulturen.de\/etk\/tagung-was-war-geschlecht-geschlechterforschung-kollaborativ\/\" target=\"_blank\">&#8222;Was war Geschlecht? Geschlechterforschung \u2013 kollaborativ&#8220;<\/a><br>studentisch organisierte Tagung<\/li><li><strong>SoSe 2018, Erlangen:<\/strong> <a rel=\"noreferrer noopener\" href=\"https:\/\/ethik-der-textkulturen.de\/etk\/tagung-ohne-leitbilder-vom-nutzen-und-nachteil-der-tradition-fuer-das-leben\/\" target=\"_blank\">&#8222;Ohne Leitbilder? Vom Nutzen und Nachteil der Tradition f\u00fcr das Leben&#8220;<\/a><br>studentisch organisierte Tagung<\/li><li><strong>WiSe 2017\/18, Augsburg:<\/strong> <a rel=\"noreferrer noopener\" href=\"https:\/\/ethik-der-textkulturen.de\/etk\/tagung-merkmal-makel-moeglichkeiten\/\" target=\"_blank\">&#8222;Merkmal, Makel, M\u00f6glichkeiten. Stigmatisierung als Movens in der Identit\u00e4tskonstitution&#8220;<\/a><br>Tagung f\u00fcr Nachwuchswissenschaftler*innen<\/li><li><strong>WiSe 2017\/18, Erlangen:<\/strong> <a rel=\"noreferrer noopener\" href=\"https:\/\/ethik-der-textkulturen.de\/etk\/tagungsbericht-politische-literatur-debatten-begriffe-aktualitaet\/\" target=\"_blank\">&#8222;Politische Literatur: Debatten, Begriffe, Aktualit\u00e4t&#8220;<\/a><\/li><li><strong>SoSe 2017, Erlangen:<\/strong> <a rel=\"noreferrer noopener\" href=\"https:\/\/ethik-der-textkulturen.de\/etk\/tagungsprogramm-nach-bestem-wissen\/\" target=\"_blank\">\u201eNach bestem Wissen\u2026 Interdisziplin\u00e4re Zug\u00e4nge zu einem allgegenw\u00e4rtigen Problem\u201c<\/a><br>studentisch organisierte Tagung<\/li><li><strong>WiSe 2014\/15, Augsburg:<\/strong> <a rel=\"noreferrer noopener\" href=\"https:\/\/ethik-der-textkulturen.de\/etk\/der-himmel-als-transkultureller-ethischer-raum\/\" target=\"_blank\">&#8222;Der Himmel als transkultureller ethischer Raum. Himmelskonstellationen im Spannungsfeld von Literatur und Wissen&#8220;<\/a><\/li><li><strong>WiSe 2008\/09, Erlangen:<\/strong> <a rel=\"noreferrer noopener\" href=\"https:\/\/ethik-der-textkulturen.de\/etk\/polemik-im-neuen-testament-texte-und-kontexte\/\" target=\"_blank\">\u201ePolemik im neuen Testament. Texte und Kontexte&#8220;<\/a><\/li><\/ul>\n","protected":false},"excerpt":{"rendered":"<div class=\"mh-excerpt\"><p>WiSe 2022\/23, Erlangen: &#8222;ab morgen digital! Zum Diskurs der Digitalisierung&#8220; studentisch organisierte Tagung SoSe 2020\/WiSe 2021\/22, Erlangen: \u201eVon Zeit zu Zeit \u2013 Polyperspektivische Konzepte von <a class=\"mh-excerpt-more\" href=\"https:\/\/ethik-der-textkulturen.de\/etk\/forschung-lehre\/tagungen\/\" title=\"Tagungen\">[&#8230;]<\/a><\/p>\n<\/div>","protected":false},"author":10,"featured_media":0,"parent":2570,"menu_order":2,"comment_status":"closed","ping_status":"closed","template":"","meta":{"footnotes":""},"_links":{"self":[{"href":"https:\/\/ethik-der-textkulturen.de\/etk\/wp-json\/wp\/v2\/pages\/2643"}],"collection":[{"href":"https:\/\/ethik-der-textkulturen.de\/etk\/wp-json\/wp\/v2\/pages"}],"about":[{"href":"https:\/\/ethik-der-textkulturen.de\/etk\/wp-json\/wp\/v2\/types\/page"}],"author":[{"embeddable":true,"href":"https:\/\/ethik-der-textkulturen.de\/etk\/wp-json\/wp\/v2\/users\/10"}],"replies":[{"embeddable":true,"href":"https:\/\/ethik-der-textkulturen.de\/etk\/wp-json\/wp\/v2\/comments?post=2643"}],"version-history":[{"count":6,"href":"https:\/\/ethik-der-textkulturen.de\/etk\/wp-json\/wp\/v2\/pages\/2643\/revisions"}],"predecessor-version":[{"id":4261,"href":"https:\/\/ethik-der-textkulturen.de\/etk\/wp-json\/wp\/v2\/pages\/2643\/revisions\/4261"}],"up":[{"embeddable":true,"href":"https:\/\/ethik-der-textkulturen.de\/etk\/wp-json\/wp\/v2\/pages\/2570"}],"wp:attachment":[{"href":"https:\/\/ethik-der-textkulturen.de\/etk\/wp-json\/wp\/v2\/media?parent=2643"}],"curies":[{"name":"wp","href":"https:\/\/api.w.org\/{rel}","templated":true}]}}