{"id":2634,"date":"2020-02-26T22:26:24","date_gmt":"2020-02-26T20:26:24","guid":{"rendered":"https:\/\/kokoromi.philhist.uni-augsburg.de\/ethik-der-textkulturen.de\/?page_id=2634"},"modified":"2022-12-07T12:14:32","modified_gmt":"2022-12-07T10:14:32","slug":"partner-universitaeten","status":"publish","type":"page","link":"https:\/\/ethik-der-textkulturen.de\/etk\/kooperation\/partner-universitaeten\/","title":{"rendered":"Partner-Universit\u00e4ten"},"content":{"rendered":"\n<h3 class=\"has-vivid-cyan-blue-color has-text-color wp-block-heading\">FAU Erlangen-N\u00fcrnberg<\/h3>\n\n\n\n<p>Die Erasmus-Partnerhochschulen der FAU Erlangen-N\u00fcrnberg finden Sie <a href=\"https:\/\/www.fau.de\/education\/international\/wege-ins-ausland\/studieren-im-ausland\/erasmus-studium\/erasmus-partnerhochschulen\/\" target=\"_blank\" rel=\"noreferrer noopener\">hier<\/a>.<\/p>\n\n\n\n<p>F\u00fcr Fragen steht das <a href=\"https:\/\/www.phil.fau.de\/internationales\/internationales-buero\/\" target=\"_blank\" rel=\"noreferrer noopener\">Internationale B\u00fcro<\/a> der Philosophischen Fakult\u00e4t zur Verf\u00fcgung. <\/p>\n","protected":false},"excerpt":{"rendered":"<div class=\"mh-excerpt\"><p>FAU Erlangen-N\u00fcrnberg Die Erasmus-Partnerhochschulen der FAU Erlangen-N\u00fcrnberg finden Sie hier. F\u00fcr Fragen steht das Internationale B\u00fcro der Philosophischen Fakult\u00e4t zur Verf\u00fcgung.<\/p>\n<\/div>","protected":false},"author":10,"featured_media":0,"parent":2572,"menu_order":1,"comment_status":"closed","ping_status":"closed","template":"","meta":{"footnotes":""},"_links":{"self":[{"href":"https:\/\/ethik-der-textkulturen.de\/etk\/wp-json\/wp\/v2\/pages\/2634"}],"collection":[{"href":"https:\/\/ethik-der-textkulturen.de\/etk\/wp-json\/wp\/v2\/pages"}],"about":[{"href":"https:\/\/ethik-der-textkulturen.de\/etk\/wp-json\/wp\/v2\/types\/page"}],"author":[{"embeddable":true,"href":"https:\/\/ethik-der-textkulturen.de\/etk\/wp-json\/wp\/v2\/users\/10"}],"replies":[{"embeddable":true,"href":"https:\/\/ethik-der-textkulturen.de\/etk\/wp-json\/wp\/v2\/comments?post=2634"}],"version-history":[{"count":3,"href":"https:\/\/ethik-der-textkulturen.de\/etk\/wp-json\/wp\/v2\/pages\/2634\/revisions"}],"predecessor-version":[{"id":4179,"href":"https:\/\/ethik-der-textkulturen.de\/etk\/wp-json\/wp\/v2\/pages\/2634\/revisions\/4179"}],"up":[{"embeddable":true,"href":"https:\/\/ethik-der-textkulturen.de\/etk\/wp-json\/wp\/v2\/pages\/2572"}],"wp:attachment":[{"href":"https:\/\/ethik-der-textkulturen.de\/etk\/wp-json\/wp\/v2\/media?parent=2634"}],"curies":[{"name":"wp","href":"https:\/\/api.w.org\/{rel}","templated":true}]}}