{"id":2619,"date":"2020-02-26T22:11:53","date_gmt":"2020-02-26T20:11:53","guid":{"rendered":"https:\/\/kokoromi.philhist.uni-augsburg.de\/ethik-der-textkulturen.de\/?page_id=2619"},"modified":"2025-02-27T21:47:19","modified_gmt":"2025-02-27T19:47:19","slug":"mitarbeiterinnen","status":"publish","type":"page","link":"https:\/\/ethik-der-textkulturen.de\/etk\/ueber-uns\/mitarbeiterinnen\/","title":{"rendered":"Mitarbeiter*innen"},"content":{"rendered":"\n<h3 class=\"wp-block-heading\"><\/h3>\n\n\n\n<div style=\"height:20px\" aria-hidden=\"true\" class=\"wp-block-spacer\"><\/div>\n\n\n\n<h3 class=\"wp-block-heading has-vivid-cyan-blue-color has-text-color\">Standort Augsburg:<\/h3>\n\n\n\n<ul>\n<li><strong><a rel=\"noreferrer noopener\" aria-label=\" (\u00f6ffnet in neuem Tab)\" href=\"https:\/\/ethik-der-textkulturen.de\/etk\/ueber-uns\/mitarbeiterinnen\/prof-dr-klaus-arntz\/\" target=\"_blank\">Prof. Dr. Klaus Arntz<\/a><\/strong><br>Professur f\u00fcr Philosophie mit dem Schwerpunkt Angewandte Ethik<\/li>\n\n\n\n<li><strong><a rel=\"noreferrer noopener\" href=\"https:\/\/ethik-der-textkulturen.de\/etk\/prof-dr-claudia-claridge\/\" target=\"_blank\">Prof. Dr. Claudia Claridge<\/a><\/strong><br>Lehrstuhl f\u00fcr Englische Sprachwissenschaft<\/li>\n\n\n\n<li><strong><a rel=\"noreferrer noopener\" href=\"https:\/\/ethik-der-textkulturen.de\/etk\/prof-dr-marcus-llanque\/\" target=\"_blank\">Prof. Dr. Marcus Llanque<\/a><\/strong><br>Lehrstuhl f\u00fcr Politikwissenschaft, Politische Theorie<\/li>\n\n\n\n<li><strong><a rel=\"noreferrer noopener\" href=\"https:\/\/ethik-der-textkulturen.de\/etk\/ueber-uns\/mitarbeiterinnen\/prof-dr-mathias-mayer\/\" target=\"_blank\">Prof. Dr. Mathias Mayer<\/a><\/strong><br>Lehrstuhl f\u00fcr Neuere Deutsche Literaturwissenschaft<\/li>\n\n\n\n<li><strong><a rel=\"noreferrer noopener\" aria-label=\" (\u00f6ffnet in neuem Tab)\" href=\"https:\/\/ethik-der-textkulturen.de\/etk\/ueber-uns\/mitarbeiterinnen\/prof-dr-bernd-oberdorfer\/\" target=\"_blank\">Prof. Dr. Bernd Oberdorfer<\/a><\/strong><br>Lehrstuhl f\u00fcr Evangelische Theologie mit Schwerpunkt Systematische Theologie und theologische Gegenwartsfragen<\/li>\n\n\n\n<li><a rel=\"noreferrer noopener\" href=\"https:\/\/ethik-der-textkulturen.de\/etk\/prof-dr-katja-sarkowsky\/\" target=\"_blank\">Prof. Dr. Katja Sarkowsky<\/a><br>Lehrstuhl f\u00fcr Amerikanistik<\/li>\n\n\n\n<li><strong><a rel=\"noreferrer noopener\" aria-label=\" (\u00f6ffnet in neuem Tab)\" href=\"https:\/\/ethik-der-textkulturen.de\/etk\/ueber-uns\/mitarbeiterinnen\/prof-dr-stephanie-waldow\/\" target=\"_blank\">Prof. Dr. Stephanie Waldow<\/a><\/strong><br>Sprecherin des Studiengangs<br>Professur f\u00fcr Neuere Deutsche Literaturwissenschaft mit Schwerpunkt Ethik<\/li>\n\n\n\n<li><strong><a rel=\"noreferrer noopener\" aria-label=\" (\u00f6ffnet in neuem Tab)\" href=\"https:\/\/ethik-der-textkulturen.de\/etk\/ueber-uns\/mitarbeiterinnen\/julian-werlitz-m-a\/\" target=\"_blank\">Dr. Julian Werlitz<\/a><\/strong><br>Koordination &amp; Organisation Ethik der Textkulturen<\/li>\n<\/ul>\n\n\n\n<div style=\"height:20px\" aria-hidden=\"true\" class=\"wp-block-spacer\"><\/div>\n\n\n\n<h3 class=\"wp-block-heading has-vivid-cyan-blue-color has-text-color\">Standort Erlangen-N\u00fcrnberg<\/h3>\n\n\n\n<ul>\n<li><a href=\"https:\/\/ethik-der-textkulturen.de\/etk\/?page_id=4785\">Prof. Dr. Franziska Bergmann<\/a><br>Sprecherin Standort Erlangen<\/li>\n\n\n\n<li><a href=\"https:\/\/www.phil.fau.de\/person\/sarah-doenges\/\">Sarah D\u00f6nges<\/a><br>Koordination &amp; Organisation Ethik der Textkulturen<\/li>\n\n\n\n<li><strong><a href=\"https:\/\/ethik-der-textkulturen.de\/etk\/ueber-uns\/mitarbeiterinnen\/dr-eva-forrester-geb-knoeferl\/\" target=\"_blank\" rel=\"noreferrer noopener\">Dr. Eva Forrester (geb. Kn\u00f6ferl)<\/a><\/strong><br>Koordination &amp; Organisation Ethik der Textkulturen; Lehrstuhl f\u00fcr Neuere deutsche Literatur mit historischem Schwerpunkt (momentan in Elternzeit)<\/li>\n\n\n\n<li><strong><a rel=\"noreferrer noopener\" href=\"https:\/\/ethik-der-textkulturen.de\/etk\/ueber-uns\/mitarbeiterinnen\/prof-dr-mechthild-habermann\/\" target=\"_blank\">Prof. Dr. Mechthild Habermann<\/a><\/strong><br>Lehrstuhl f\u00fcr Germanistische Sprachwissenschaft<\/li>\n\n\n\n<li><strong><a rel=\"noreferrer noopener\" href=\"https:\/\/ethik-der-textkulturen.de\/etk\/prof-dr-antje-kley\/\" target=\"_blank\">Prof. Dr. Antje Kley<\/a><br><\/strong>Sprecherin (Erlangen)<br>Lehrstuhl f\u00fcr Amerikanistik, insbesondere Literaturwissenschaft<\/li>\n\n\n\n<li><strong><a href=\"https:\/\/ethik-der-textkulturen.de\/etk\/ueber-uns\/mitarbeiterinnen\/prof-dr-erasmus-mayr\/\" target=\"_blank\" rel=\"noreferrer noopener\">Prof. Dr. Erasmus Mayr<\/a><\/strong><br>Lehrstuhl f\u00fcr Praktische Philosophie<\/li>\n\n\n\n<li><strong><a href=\"https:\/\/ethik-der-textkulturen.de\/etk\/ueber-uns\/mitarbeiterinnen\/prof-dr-ursula-roth\/\" data-type=\"URL\" data-id=\"https:\/\/ethik-der-textkulturen.de\/etk\/ueber-uns\/mitarbeiterinnen\/prof-dr-ursula-roth\/\">Prof. Dr. Ursula Roth<br><\/a><\/strong>Lehrstuhl f\u00fcr Praktische Theologie<\/li>\n\n\n\n<li><strong><a href=\"https:\/\/ethik-der-textkulturen.de\/etk\/ueber-uns\/mitarbeiterinnen\/prof-dr-christiane-witthoeft\/\" data-type=\"URL\" data-id=\"https:\/\/ethik-der-textkulturen.de\/etk\/ueber-uns\/mitarbeiterinnen\/prof-dr-christiane-witthoeft\/\">Prof. Dr. Christiane Witth\u00f6ft<\/a><\/strong><br>Lehrstuhl f\u00fcr \u00c4ltere deutsche Literatur<\/li>\n<\/ul>\n\n\n\n<div style=\"height:20px\" aria-hidden=\"true\" class=\"wp-block-spacer\"><\/div>\n\n\n\n<h3 class=\"wp-block-heading\">Ehemalige MitarbeiterInnen<\/h3>\n\n\n\n<ul>\n<li><strong>Prof. Dr. Anita Fetzer<\/strong>                                                                                     Lehrstuhl f\u00fcr Angewandte Englische Sprachwissenschaft (Universit\u00e4t Augsburg)<\/li>\n\n\n\n<li><strong>M.A. Nora Beyer<\/strong><br>Koordination &amp; Organisation Ethik der Textkulturen (Friedrich-Alexander-Universit\u00e4t Erlangen-N\u00fcrnberg)<\/li>\n\n\n\n<li><strong>Dr. Agnes Bidmon<\/strong><br>ehemalige Koordination &amp; Organisation Ethik der Textkulturen (Friedrich-Alexander-Universit\u00e4t Erlangen-N\u00fcrnberg)<\/li>\n\n\n\n<li><strong><a href=\"https:\/\/www.pol.phil.fau.de\/person\/heiner-bielefeldt\/\">Prof. Dr. Dr. h.c. Heiner Bielefeldt<br><\/a><\/strong>Lehrstuhl f\u00fcr Menschenrechte und Menschenrechtspolitik (Friedrich-Alexander-Universit\u00e4t Erlangen-N\u00fcrnberg)<\/li>\n\n\n\n<li><strong>Prof. Dr. Lukas Bormann<\/strong><br>Lehrstuhl f\u00fcr Neues Testament II (Friedrich-Alexander-Universit\u00e4t Erlangen-N\u00fcrnberg)<\/li>\n\n\n\n<li><strong>Prof. Dr. Wolfram Bublitz<\/strong><br>Lehrstuhl f\u00fcr Englische Sprachwissenschaft<\/li>\n\n\n\n<li><strong>Dr. Volker Eisenlauer<\/strong><br>Wiss. Mitarbeiter am Lehrstuhl f\u00fcr Englische Sprachwissenschaft (Universit\u00e4t Augsburg) und am Lehrstuhl f\u00fcr Germanistische Sprachwissenschaft (Friedrich-Alexander-Universit\u00e4t Erlangen-N\u00fcrnberg)<\/li>\n\n\n\n<li><strong>Prof. Dr. Joachim Jacob<\/strong><br>Kooperationspartner des Studiengangs und ehemaliger Professor f\u00fcr Neuere Deutsche Literaturwissenschaft mit dem Schwerpunkt Ethik in Augsburg<\/li>\n\n\n\n<li><strong>Prof. Dr. Jens Kulenkampff<\/strong><br>Institut f\u00fcr Philosophie (Friedrich-Alexander-Universit\u00e4t Erlangen-N\u00fcrnberg)<\/li>\n\n\n\n<li><strong>Bettina Lindner<\/strong><br>Lehrstuhl f\u00fcr Germanistische Sprachwissenschaft (Friedrich-Alexander-Universit\u00e4t Erlangen-N\u00fcrnberg)<\/li>\n\n\n\n<li><strong><a rel=\"noreferrer noopener\" href=\"https:\/\/ethik-der-textkulturen.de\/etk\/ueber-uns\/mitarbeiterinnen\/prof-dr-christine-lubkoll\/\" target=\"_blank\">Prof. Dr. Christine Lubkoll<\/a><\/strong><br>ehemalige Sprecherin (Erlangen)<br>Lehrstuhl f\u00fcr Neuere Deutsche Literaturgeschichte mit historischem Schwerpunkt<\/li>\n\n\n\n<li><strong>PD. Dr. Bernadette Malinowski<\/strong><br>Kooperationspartnerin des Studiengangs<\/li>\n\n\n\n<li><strong><a href=\"https:\/\/ethik-der-textkulturen.de\/etk\/ueber-uns\/mitarbeiterinnen\/prof-dr-juergen-van-oorschot\/\" target=\"_blank\" rel=\"noreferrer noopener\">Prof. Dr. J\u00fcrgen van Oorschot<\/a><\/strong><br>Lehrstuhl f\u00fcr Altes Testament<\/li>\n\n\n\n<li><strong>M.A. Patrick Ramponi<\/strong><br>Wiss. Mitarbeiter am Lehrstuhl f\u00fcr Europ\u00e4ische Kulturgeschichte (Universit\u00e4t Augsburg)<\/li>\n\n\n\n<li><strong>Dr. Ingvild Richardsen <\/strong><br>Wiss. Mitarbeiterin<\/li>\n\n\n\n<li><strong>M.A. Michael Sauter<\/strong><br>Koordination &amp; Organisation Ethik der Textkulturen<\/li>\n\n\n\n<li><strong>Prof. Dr. Marion Schmaus<\/strong><br>Kooperationspartnerin des Studiengangs und ehemalige Professorin f\u00fcr Neuere Deutsche Literaturwissenschaft mit dem Schwerpunkt Ethik in Augsburg<\/li>\n\n\n\n<li><strong>M.A. Katja Schneider<\/strong><br>Koordination &amp; Organisation Ethik der Textkulturen<\/li>\n\n\n\n<li><strong>M.A. Mark Sch\u00f6nleben<\/strong><br>Wiss. Mitarbeiter<\/li>\n\n\n\n<li><strong>Dr. Stefan Scholz<\/strong><br>Wiss. Mitarbeiter am Lehrstuhl f\u00fcr Evangelische Theologie mit Schwerpunkt Systematische Theologie und theologische Gegenwartsfragen (Universit\u00e4t Augsburg) und am Lehrstuhl f\u00fcr Neues Testament II (Friedrich-Alexander-Universit\u00e4t Erlangen-N\u00fcrnberg)<\/li>\n\n\n\n<li><strong>M.A. Johannes Sift<\/strong><br>Wiss. Mitarbeiter<\/li>\n\n\n\n<li><strong>Dipl.Theol. Lisanne Teuchert<\/strong><br>Wiss. Mitarbeiterin<\/li>\n\n\n\n<li><strong>Prof. Dr. Silvia Serena Tschopp<\/strong><br>Lehrstuhl f\u00fcr Europ\u00e4ische Kulturgeschichte<\/li>\n\n\n\n<li><strong>Dr. Saskia Wiedner<\/strong><br>Wiss. Mitarbeiterin<\/li>\n\n\n\n<li><strong>Prof. Dr. Oda Wischmeyer<\/strong><br>Lehrstuhl f\u00fcr Neues Testament II (Friedrich-Alexander-Universit\u00e4t Erlangen-N\u00fcrnberg)<\/li>\n\n\n\n<li><strong>PD Dr. Doren Wohlleben<\/strong><br>Wiss. Mitarbeiterin<\/li>\n\n\n\n<li><strong>Prof. Dr. Hubert Zapf<\/strong><br>Lehrstuhl f\u00fcr Amerikanistik<\/li>\n<\/ul>\n","protected":false},"excerpt":{"rendered":"<div class=\"mh-excerpt\"><p>Standort Augsburg: Standort Erlangen-N\u00fcrnberg Ehemalige MitarbeiterInnen<\/p>\n<\/div>","protected":false},"author":10,"featured_media":0,"parent":2581,"menu_order":3,"comment_status":"closed","ping_status":"closed","template":"","meta":{"footnotes":""},"_links":{"self":[{"href":"https:\/\/ethik-der-textkulturen.de\/etk\/wp-json\/wp\/v2\/pages\/2619"}],"collection":[{"href":"https:\/\/ethik-der-textkulturen.de\/etk\/wp-json\/wp\/v2\/pages"}],"about":[{"href":"https:\/\/ethik-der-textkulturen.de\/etk\/wp-json\/wp\/v2\/types\/page"}],"author":[{"embeddable":true,"href":"https:\/\/ethik-der-textkulturen.de\/etk\/wp-json\/wp\/v2\/users\/10"}],"replies":[{"embeddable":true,"href":"https:\/\/ethik-der-textkulturen.de\/etk\/wp-json\/wp\/v2\/comments?post=2619"}],"version-history":[{"count":47,"href":"https:\/\/ethik-der-textkulturen.de\/etk\/wp-json\/wp\/v2\/pages\/2619\/revisions"}],"predecessor-version":[{"id":4860,"href":"https:\/\/ethik-der-textkulturen.de\/etk\/wp-json\/wp\/v2\/pages\/2619\/revisions\/4860"}],"up":[{"embeddable":true,"href":"https:\/\/ethik-der-textkulturen.de\/etk\/wp-json\/wp\/v2\/pages\/2581"}],"wp:attachment":[{"href":"https:\/\/ethik-der-textkulturen.de\/etk\/wp-json\/wp\/v2\/media?parent=2619"}],"curies":[{"name":"wp","href":"https:\/\/api.w.org\/{rel}","templated":true}]}}