{"id":2572,"date":"2019-12-09T15:08:55","date_gmt":"2019-12-09T13:08:55","guid":{"rendered":"https:\/\/kokoromi.philhist.uni-augsburg.de\/ethik-der-textkulturen.de\/?page_id=2572"},"modified":"2020-04-09T17:07:24","modified_gmt":"2020-04-09T15:07:24","slug":"kooperation","status":"publish","type":"page","link":"https:\/\/ethik-der-textkulturen.de\/etk\/kooperation\/","title":{"rendered":"Kooperation"},"content":{"rendered":"\n<ul><li><a href=\"https:\/\/ethik-der-textkulturen.de\/etk\/kooperation\/partner-universitaeten\/\">Partner-Universit\u00e4ten<\/a><\/li><li><a href=\"https:\/\/ethik-der-textkulturen.de\/etk\/kooperation\/universitaere-institutionen\/\">Universit\u00e4re Institutionen<\/a><\/li><li><a href=\"https:\/\/ethik-der-textkulturen.de\/etk\/kooperation\/oeffentliche-institutionen\/\">\u00d6ffentliche Institutionen<\/a><\/li><\/ul>\n\n\n\n<p><\/p>\n","protected":false},"excerpt":{"rendered":"<div class=\"mh-excerpt\"><p>Partner-Universit\u00e4ten Universit\u00e4re Institutionen \u00d6ffentliche Institutionen<\/p>\n<\/div>","protected":false},"author":15,"featured_media":0,"parent":0,"menu_order":0,"comment_status":"closed","ping_status":"closed","template":"","meta":{"footnotes":""},"_links":{"self":[{"href":"https:\/\/ethik-der-textkulturen.de\/etk\/wp-json\/wp\/v2\/pages\/2572"}],"collection":[{"href":"https:\/\/ethik-der-textkulturen.de\/etk\/wp-json\/wp\/v2\/pages"}],"about":[{"href":"https:\/\/ethik-der-textkulturen.de\/etk\/wp-json\/wp\/v2\/types\/page"}],"author":[{"embeddable":true,"href":"https:\/\/ethik-der-textkulturen.de\/etk\/wp-json\/wp\/v2\/users\/15"}],"replies":[{"embeddable":true,"href":"https:\/\/ethik-der-textkulturen.de\/etk\/wp-json\/wp\/v2\/comments?post=2572"}],"version-history":[{"count":4,"href":"https:\/\/ethik-der-textkulturen.de\/etk\/wp-json\/wp\/v2\/pages\/2572\/revisions"}],"predecessor-version":[{"id":3027,"href":"https:\/\/ethik-der-textkulturen.de\/etk\/wp-json\/wp\/v2\/pages\/2572\/revisions\/3027"}],"wp:attachment":[{"href":"https:\/\/ethik-der-textkulturen.de\/etk\/wp-json\/wp\/v2\/media?parent=2572"}],"curies":[{"name":"wp","href":"https:\/\/api.w.org\/{rel}","templated":true}]}}